{"id":10032,"date":"2021-05-14T09:56:59","date_gmt":"2021-05-14T09:56:59","guid":{"rendered":"https:\/\/automationedge.com\/br\/?page_id=10032"},"modified":"2021-05-14T10:43:34","modified_gmt":"2021-05-14T10:43:34","slug":"primeiro-rpa-on-demand-da-industria","status":"publish","type":"page","link":"https:\/\/automationedge.com\/br\/news\/primeiro-rpa-on-demand-da-industria\/","title":{"rendered":"AutomationEdge lan\u00e7a RPA &#8220;Pay As You Use&#8221; para democratizar a facilitar o acesso de automa\u00e7\u00e3o"},"content":{"rendered":"<p><div class=\"fusion-fullwidth fullwidth-box fusion-builder-row-1 fusion-parallax-none hundred-percent-fullwidth non-hundred-percent-height-scrolling\" style=\"--awb-border-radius-top-left:0px;--awb-border-radius-top-right:0px;--awb-border-radius-bottom-right:0px;--awb-border-radius-bottom-left:0px;--awb-padding-top:0px;--awb-padding-right:0px;--awb-padding-bottom:0px;--awb-padding-left:0px;--awb-margin-top:0px;--awb-margin-bottom:0px;--awb-background-image:url(&quot;https:\/\/automationedge.com\/br\/wp-content\/uploads\/2021\/05\/BG_Image-01.png&quot;);--awb-background-size:cover;--awb-flex-wrap:wrap;\" ><div class=\"fusion-builder-row fusion-row\"><div class=\"fusion-layout-column fusion_builder_column fusion-builder-column-0 fusion_builder_column_1_1 1_1 fusion-one-full fusion-column-first fusion-column-last\" style=\"--awb-padding-right:40px;--awb-padding-left:40px;--awb-bg-size:cover;\"><div class=\"fusion-column-wrapper fusion-flex-column-wrapper-legacy\"><div class=\"fusion-text fusion-text-1\"><h1 data-fontsize=\"43\" data-lineheight=\"48\"><span style=\"color: #548dd4;\">AutomationEdge lan\u00e7a RPA &#8220;Pay As You Use&#8221; para democratizar a facilitar o acesso de automa\u00e7\u00e3o<\/span><\/h1>\n<h3 style=\"font-size: 18px;\"><em>(A solu\u00e7\u00e3o pode ser adquirida com cart\u00e3o de cr\u00e9dito diretamente no site, on demand)<\/em><\/h3>\n<\/div><div class=\"fusion-clearfix\"><\/div><\/div><\/div><div class=\"fusion-layout-column fusion_builder_column fusion-builder-column-1 fusion_builder_column_3_5 3_5 fusion-three-fifth fusion-column-first\" style=\"--awb-bg-size:cover;width:60%;width:calc(60% - ( ( 4% ) * 0.6 ) );margin-right: 4%;\"><div class=\"fusion-column-wrapper fusion-column-has-shadow fusion-flex-column-wrapper-legacy\"><div class=\"fusion-clearfix\"><\/div><\/div><\/div><div class=\"fusion-layout-column fusion_builder_column fusion-builder-column-2 fusion_builder_column_2_5 2_5 fusion-two-fifth fusion-column-last\" style=\"--awb-padding-top:-20px;--awb-padding-bottom:-20px;--awb-padding-left:20px;--awb-bg-size:cover;width:40%;width:calc(40% - ( ( 4% ) * 0.4 ) );\"><div class=\"fusion-column-wrapper fusion-column-has-shadow fusion-flex-column-wrapper-legacy\"><div class=\"fusion-sep-clear\"><\/div><div class=\"fusion-separator fusion-full-width-sep\" style=\"margin-left: auto;margin-right: auto;margin-top:3px;margin-bottom:3px;width:100%;\"><\/div><div class=\"fusion-sep-clear\"><\/div><div class=\"fusion-sharing-box fusion-sharing-box-1 boxed-icons has-taglines layout-floated layout-medium-floated layout-small-floated\" style=\"background-color:rgba(246,246,246,0);padding:0;--awb-layout:row;--awb-alignment-small:space-between;\" data-title=\"AutomationEdge lan\u00e7a RPA \u201cPay As You Use\u201d para democratizar a facilitar o acesso de automa\u00e7\u00e3o\" data-description=\"A automa\u00e7\u00e3o \u00e9 o pr\u00f3ximo passo para aumentar a produtividade corporativa, mas at\u00e9 agora isso se limitava a apenas algumas empresas que podiam pagar. A AutomationEdge, a principal solu\u00e7\u00e3o de Automa\u00e7\u00e3o rob\u00f3tica de processos (RPA) e automa\u00e7\u00e3o de TI anuncia o lan\u00e7amento de um Pay as use RPA como Servi\u00e7o dispon\u00edvel para empresas de qualquer porte ou vertical de neg\u00f3cio.\" data-link=\"https:\/\/automationedge.com\/br\/news\/primeiro-rpa-on-demand-da-industria\/\"><div class=\"fusion-social-networks sharingbox-shortcode-icon-wrapper sharingbox-shortcode-icon-wrapper-1 boxed-icons\"><span><a href=\"https:\/\/www.facebook.com\/sharer.php?u=https%3A%2F%2Fautomationedge.com%2Fbr%2Fnews%2Fprimeiro-rpa-on-demand-da-industria%2F&amp;t=AutomationEdge%20lan%C3%A7a%20RPA%20%E2%80%9CPay%20As%20You%20Use%E2%80%9D%20para%20democratizar%20a%20facilitar%20o%20acesso%20de%20automa%C3%A7%C3%A3o\" target=\"_blank\" rel=\"noreferrer\" title=\"Facebook\" aria-label=\"Facebook\" data-placement=\"Right\" data-toggle=\"tooltip\" data-title=\"Facebook\"><i class=\"fusion-social-network-icon fusion-tooltip fusion-facebook awb-icon-facebook\" style=\"color:#ffffff;background-color:#3b5998;border-color:#3b5998;border-radius:4px;\" aria-hidden=\"true\"><\/i><\/a><\/span><span><a href=\"https:\/\/x.com\/share?text=AutomationEdge%20lan%C3%A7a%20RPA%20%E2%80%9CPay%20As%20You%20Use%E2%80%9D%20para%20democratizar%20a%20facilitar%20o%20acesso%20de%20automa%C3%A7%C3%A3o&amp;url=https%3A%2F%2Fautomationedge.com%2Fbr%2Fnews%2Fprimeiro-rpa-on-demand-da-industria%2F\" target=\"_blank\" rel=\"noopener noreferrer\" title=\"X\" aria-label=\"X\" data-placement=\"Right\" data-toggle=\"tooltip\" data-title=\"X\"><i class=\"fusion-social-network-icon fusion-tooltip fusion-twitter awb-icon-twitter\" style=\"color:#ffffff;background-color:#000000;border-color:#000000;border-radius:4px;\" aria-hidden=\"true\"><\/i><\/a><\/span><span><a href=\"https:\/\/www.linkedin.com\/shareArticle?mini=true&amp;url=https%3A%2F%2Fautomationedge.com%2Fbr%2Fnews%2Fprimeiro-rpa-on-demand-da-industria%2F&amp;title=AutomationEdge%20lan%C3%A7a%20RPA%20%E2%80%9CPay%20As%20You%20Use%E2%80%9D%20para%20democratizar%20a%20facilitar%20o%20acesso%20de%20automa%C3%A7%C3%A3o&amp;summary=A%20automa%C3%A7%C3%A3o%20%C3%A9%20o%20pr%C3%B3ximo%20passo%20para%20aumentar%20a%20produtividade%20corporativa%2C%20mas%20at%C3%A9%20agora%20isso%20se%20limitava%20a%20apenas%20algumas%20empresas%20que%20podiam%20pagar.%20A%20AutomationEdge%2C%20a%20principal%20solu%C3%A7%C3%A3o%20de%20Automa%C3%A7%C3%A3o%20rob%C3%B3tica%20de%20processos%20%28RPA%29%20e%20automa%C3%A7%C3%A3o%20de%20TI%20anuncia%20o%20lan%C3%A7amento%20de%20um%20Pay%20as%20use%20RPA%20como%20Servi%C3%A7o%20dispon%C3%ADvel%20para%20empresas%20de%20qualquer%20porte%20ou%20vertical%20de%20neg%C3%B3cio.\" target=\"_blank\" rel=\"noopener noreferrer\" title=\"LinkedIn\" aria-label=\"LinkedIn\" data-placement=\"Right\" data-toggle=\"tooltip\" data-title=\"LinkedIn\"><i class=\"fusion-social-network-icon fusion-tooltip fusion-linkedin awb-icon-linkedin\" style=\"color:#ffffff;background-color:#0077b5;border-color:#0077b5;border-radius:4px;\" aria-hidden=\"true\"><\/i><\/a><\/span><\/div><\/div><div class=\"fusion-sep-clear\"><\/div><div class=\"fusion-separator fusion-full-width-sep\" style=\"margin-left: auto;margin-right: auto;margin-top:-10px;margin-bottom:-10px;width:100%;\"><\/div><div class=\"fusion-sep-clear\"><\/div><div class=\"fusion-clearfix\"><\/div><\/div><\/div><\/div><\/div><div class=\"fusion-fullwidth fullwidth-box fusion-builder-row-2 hundred-percent-fullwidth non-hundred-percent-height-scrolling\" style=\"--awb-border-radius-top-left:0px;--awb-border-radius-top-right:0px;--awb-border-radius-bottom-right:0px;--awb-border-radius-bottom-left:0px;--awb-padding-top:0px;--awb-padding-right:0px;--awb-padding-bottom:0px;--awb-padding-left:0px;--awb-margin-top:0px;--awb-margin-bottom:0px;--awb-flex-wrap:wrap;\" ><div class=\"fusion-builder-row fusion-row\"><div class=\"fusion-layout-column fusion_builder_column fusion-builder-column-3 fusion_builder_column_1_1 1_1 fusion-one-full fusion-column-first fusion-column-last\" style=\"--awb-padding-right:40px;--awb-padding-left:40px;--awb-bg-size:cover;\"><div class=\"fusion-column-wrapper fusion-flex-column-wrapper-legacy\"><div class=\"fusion-text fusion-text-2\"><h3 style=\"font-weight: 300; color: #4c4a4a;\" data-fontsize=\"17\" data-lineheight=\"23\"><strong>Brasil, 13 de maio de 2021 \u2013<\/strong> A automa\u00e7\u00e3o \u00e9 o pr\u00f3ximo passo para aumentar a produtividade corporativa, mas at\u00e9 agora isso se limitava a apenas algumas empresas que podiam pagar. A AutomationEdge, a principal solu\u00e7\u00e3o de Automa\u00e7\u00e3o rob\u00f3tica de processos (RPA) e automa\u00e7\u00e3o de TI anuncia o lan\u00e7amento de um Pay as use RPA como Servi\u00e7o dispon\u00edvel para empresas de qualquer porte ou vertical de neg\u00f3cio.<\/h3>\n<h3 style=\"font-weight: 300; color: #4c4a4a;\" data-fontsize=\"17\" data-lineheight=\"23\">O SaaS \u2013 Software as a Service RPA da AutomationEdge incentiva os neg\u00f3cios em qualquer empresa que deseje implementar e operar a automa\u00e7\u00e3o sem a necessidade de infraestrutura ou a compra de licen\u00e7as. A empresa espera aumento de 300% no faturamento no primeiro ano de comercializa\u00e7\u00e3o. \u201c<em>Acreditamos no Brasil como um mercado em crescimento cont\u00ednuo em projetos de hiperautoma\u00e7\u00e3o, por isso, criamos uma oferta que aproxima diferentes neg\u00f3cios e portes de empresas, bem como startups e desenvolvedores, que sempre buscaram uma solu\u00e7\u00e3o eficiente e de custo atraente para impulsionar os seus projetos de automa\u00e7\u00e3o. A automa\u00e7\u00e3o n\u00e3o est\u00e1 mais limitada a grandes projetos, agora qualquer empresa por ter acesso com o modelo SaaS de RPA da nossa empresa<\/em>\u201d, comenta <strong><span style=\"color: #548dd4;\"><a style=\"color: #548dd4;\" href=\"https:\/\/www.linkedin.com\/in\/fernandobaldin\/\" target=\"_blank\" rel=\"noopener noreferrer\">Fernando Baldin<\/a><\/span><\/strong>, Country Manager da AutomationEdge Brasil.<\/h3>\n<h3 style=\"font-weight: 300; color: #4c4a4a;\" data-fontsize=\"17\" data-lineheight=\"23\">De acordo com a AutomationEdge, a nova oferta de servi\u00e7os permite que todas as empresas tenham acesso a tecnologias transformadoras, onde poder\u00e3o se manter competitivas, evoluir e ver o retorno do investimento no primeiro dia. \u201c<em>Acreditamos que o RPA \u00e9 subutilizado em muitas empresas ou n\u00e3o \u00e9 acess\u00edvel a todos, exceto TI (Tecnologia da Informa\u00e7\u00e3o). A AutomationEdge RPA as a Service (RPAaaS) oferecer\u00e1 a flexibilidade de implantar RPA nas organiza\u00e7\u00f5es sem se preocupar com infraestrutura de servidores, manuten\u00e7\u00e3o de software e upgrade, iniciando assim a ado\u00e7\u00e3o do RPA e garantindo a melhor utiliza\u00e7\u00e3o de bots de RPA com pre\u00e7os baseados em consumo<\/em>\u201d, disse <strong><a href=\"https:\/\/www.linkedin.com\/in\/udaybirajdar\/\" target=\"_blank\" rel=\"noopener noreferrer\"><span style=\"color: #548dd4;\">Uday Birajdar<\/span><\/a><\/strong> \u2013 CEO da AutomationEdge<\/h3>\n<h3 style=\"font-weight: 300; color: #4c4a4a;\" data-fontsize=\"17\" data-lineheight=\"23\">O mercado mundial de software que permite a hiperautoma\u00e7\u00e3o chegar\u00e1 a US$ 596,6 bilh\u00f5es em 2022, de acordo com uma nova previs\u00e3o do Gartner, Inc., l\u00edder mundial em pesquisa e aconselhamento para empresas. Esse n\u00famero \u00e9 23% maior que os US$ 481,6 bilh\u00f5es alcan\u00e7ados em 2020 e 12% acima da proje\u00e7\u00e3o de US$ 532,4 bilh\u00f5es para este ano. A nova oferta de RPA da automationEdge no modelo SaaS inicia no Brasil, que aponta tr\u00eas frentes de entrada para a nova oferta: Empresas que experimentaram um sucesso limitado no passado, e agora buscam uma nova alternativa, empresas que nunca fizeram nenhuma iniciativa de automa\u00e7\u00e3o e buscam um planejamento pr\u00e9vio e tamb\u00e9m para os desenvolvedores e empresas que prestam servi\u00e7os diversos, mas s\u00e3o carentes de ferramentas, tanto pelo alto custo, quanto pela real acessibilidade. Com a nova solu\u00e7\u00e3o, dispon\u00edvel no site da empresa para compra com cart\u00e3o de cr\u00e9dito a partir de 25 d\u00f3lares, <strong><span style=\"color: #548dd4;\"><a style=\"color: #548dd4;\" href=\"https:\/\/automationedge.com\/br\/rpaaas\" target=\"_blank\" rel=\"noopener noreferrer\">www.automationedge.com\/br\/rpaaas<\/a><\/span><\/strong> \u00e9 poss\u00edvel habilitar qualquer n\u00famero de processos ou qualquer n\u00famero de desenvolvedores, usando e criando uma nova realidade para o processo de neg\u00f3cios por meio da automa\u00e7\u00e3o. \u201c<em>A plataforma RPAaaS da AutomationEdge fornece acesso a uma variedade de tecnologias como IA, Machine learning, Chatbot, ETL, motor de classifica\u00e7\u00e3o autom\u00e1tica, orquestrador de automa\u00e7\u00e3o e uma estrutura de integra\u00e7\u00e3o de API. Todas essas tecnologias se unem para automatizar processos simples e complexos<\/em>\u201d, explica Fernando Baldin, Country Manager da AutomationEdge Brasil.<\/h3>\n<h2 style=\"font-size: 22px;\"><strong>Biblioteca adaptadora de conectores<\/strong><\/h2>\n<h3 style=\"font-weight: 300; color: #4c4a4a;\" data-fontsize=\"17\" data-lineheight=\"23\">Uma biblioteca abrangente de mais de 400+ pronta para usar conectores, ajuda os desenvolvedores a se conectarem aos sistemas comuns de TI de registro, service desks e ferramentas de monitoramento no cen\u00e1rio de TI da empresa, pelo qual etapas e fluxos de trabalho podem ser integrados perfeitamente com sistemas como Amazon EC2, Azure, Cisco, Splunk, AD, VMware e Salesforce transformando a plataforma RPA em um hub de automa\u00e7\u00e3o. Nativo em nuvem, o SaaS RPA da AutomationEdge tem arquitetura escal\u00e1vel que torna a plataforma de automa\u00e7\u00e3o acess\u00edvel de escolha independente da necessidade de uma empresa digital. Sua arquitetura de processos multi-threading e processo paralelo processa dados 10X mais r\u00e1pido e atualiza\u00e7\u00e3o perfeita entre os lan\u00e7amentos, o robusto suporte \u00e0 orquestra\u00e7\u00e3o apoiado por uma nuvem de seguran\u00e7a compat\u00edvel com ISO mant\u00e9m um foco firme nas iniciativas de automa\u00e7\u00e3o da empresa.<\/h3>\n<h2 style=\"font-size: 22px;\"><strong>Entendendo o RPA<\/strong><\/h2>\n<h3 style=\"font-weight: 300; color: #4c4a4a;\" data-fontsize=\"17\" data-lineheight=\"23\">O RPA possibilita a troca de informa\u00e7\u00f5es entre sistemas sem que seja necess\u00e1rio a constru\u00e7\u00e3o de uma interface entre eles. Ou seja, ele captura qualquer informa\u00e7\u00e3o, em qualquer site ou aplica\u00e7\u00e3o, navegando como se fosse um usu\u00e1rio comum.<\/h3>\n<h3 style=\"font-weight: 300; color: #4c4a4a;\" data-fontsize=\"17\" data-lineheight=\"23\">Segundo experi\u00eancia em projetos da pr\u00f3pria AutomationEdge, dados evidenciam que quando voc\u00ea automatiza um processo, voc\u00ea consegue reduzir de 5 a 20% as tarefas humanas daquele processo. Com o uso de um RPA, este n\u00famero chega a 40%. Um rob\u00f4 (RPA) \u00e9 capaz de executar, de maneira eficaz: Processos com tarefas repetitivas em geral, navega\u00e7\u00e3o em sistemas web, alimenta\u00e7\u00e3o dos sistemas de seus clientes e fornecedores, extra\u00e7\u00e3o de informa\u00e7\u00f5es de outros sistemas, abastecendo o sistema interno, integra\u00e7\u00e3o entre sistemas sem necessidade de desenvolvimento ou customiza\u00e7\u00e3o, envio e recebimento de e-mails, gerenciamento de eventos, captura de documentos e transforma\u00e7\u00e3o em dados estruturados, entre outros.<\/h3>\n<h2 style=\"font-size: 22px;\"><strong>Sobre a AutomationEdge<\/strong><\/h2>\n<h3 style=\"font-weight: 300; color: #4c4a4a;\" data-fontsize=\"17\" data-lineheight=\"23\">A AutomationEdge \u00e9 fornecedor de solu\u00e7\u00f5es de Hyperautoma\u00e7\u00e3o, Robotic Process automation e IT Automation. Seu RPA inteligente altamente avan\u00e7ado, re\u00fane todos os recursos essenciais necess\u00e1rios para automa\u00e7\u00e3o empresarial, como intelig\u00eancia artificial, machine learning, chatbot, ETL, integra\u00e7\u00f5es de API prontas e automa\u00e7\u00e3o de TI.<\/h3>\n<h3 style=\"font-weight: 300; color: #4c4a4a;\" data-fontsize=\"17\" data-lineheight=\"23\">Para saber mais sobre o AutomationEdge, visite <strong><span style=\"color: #548dd4;\"><a style=\"color: #548dd4;\" href=\"https:\/\/automationedge.com\/br\" target=\"_blank\" rel=\"noopener noreferrer\">www.automationedge.com\/br<\/a><\/span><\/strong> ou siga-nos no <strong><span style=\"color: #548dd4;\"><a style=\"color: #548dd4;\" href=\"https:\/\/www.linkedin.com\/showcase\/automationedge-brazil\" target=\"_blank\" rel=\"noopener noreferrer\">Linkedin<\/a><\/span><\/strong>, <strong><span style=\"color: #548dd4;\"><a style=\"color: #548dd4;\" href=\"https:\/\/www.facebook.com\/AutomationEdgeBrazil\/\" target=\"_blank\" rel=\"noopener noreferrer\">Facebook<\/a><\/span><\/strong>, <strong><span style=\"color: #548dd4;\"><a style=\"color: #548dd4;\" href=\"https:\/\/twitter.com\/autoedgebr\" target=\"_blank\" rel=\"noopener noreferrer\">Twitter<\/a><\/span><\/strong>.<\/h3>\n<\/div><div class=\"fusion-clearfix\"><\/div><\/div><\/div><div class=\"fusion-layout-column fusion_builder_column fusion-builder-column-4 fusion_builder_column_3_5 3_5 fusion-three-fifth fusion-column-first\" style=\"--awb-padding-right:40px;--awb-padding-left:40px;--awb-bg-size:cover;width:60%;width:calc(60% - ( ( 4% ) * 0.6 ) );margin-right: 4%;\"><div class=\"fusion-column-wrapper fusion-flex-column-wrapper-legacy\"><div class=\"fusion-text fusion-text-3\"><h3 data-fontsize=\"15\" data-lineheight=\"10\"><strong>Contato de M\u00eddia<\/strong><\/h3>\n<h3 data-fontsize=\"17\" data-lineheight=\"23\"><strong>Gustavo Pasqual<\/strong><br \/>\n<span style=\"color: #6397d7;\"><a style=\"color: #6397d7;\" href=\"mailto:gustavo@automationedge.com\">gustavo@automationedge.com<\/a><\/span><br \/>\n<span style=\"color: #6397d7;\"><a style=\"color: #6397d7;\" href=\"https:\/\/automationedge.com\/br\">www.automationedge.com\/br<\/a><\/span><\/h3>\n<\/div><div class=\"fusion-clearfix\"><\/div><\/div><\/div><div class=\"fusion-layout-column fusion_builder_column fusion-builder-column-5 fusion_builder_column_1_3 1_3 fusion-one-third fusion-column-last\" style=\"--awb-bg-size:cover;width:33.3333333333%;width:calc(33.3333333333% - ( ( 4% ) * 0.333333333333 ) );\"><div class=\"fusion-column-wrapper fusion-flex-column-wrapper-legacy\"><div class=\"fusion-clearfix\"><\/div><\/div><\/div><\/div><\/div><\/p>\n","protected":false},"excerpt":{"rendered":"","protected":false},"author":3,"featured_media":0,"parent":9999,"menu_order":0,"comment_status":"closed","ping_status":"closed","template":"","meta":{"footnotes":""},"class_list":["post-10032","page","type-page","status-publish","hentry"],"yoast_head":"<!-- This site is optimized with the Yoast SEO plugin v27.1.1 - https:\/\/yoast.com\/product\/yoast-seo-wordpress\/ -->\n<title>AutomationEdge Lan\u00e7a Primeiro Pre\u00e7o RPA on Demand da Ind\u00fastria | AutomationEdge Brasil<\/title>\n<meta name=\"description\" content=\"A plataforma AutomationEdge RPA apresenta os pre\u00e7os RPA on Demand (RPA as a Service) para empresas no Brasil. Agora, as empresas podem usar o RPA sem alto custo e pagar apenas pelo consumo.\" \/>\n<meta name=\"robots\" content=\"index, follow, max-snippet:-1, max-image-preview:large, max-video-preview:-1\" \/>\n<link rel=\"canonical\" href=\"https:\/\/automationedge.com\/br\/news\/primeiro-rpa-on-demand-da-industria\/\" \/>\n<meta property=\"og:locale\" content=\"en_US\" \/>\n<meta property=\"og:type\" content=\"article\" \/>\n<meta property=\"og:title\" content=\"AutomationEdge Lan\u00e7a Primeiro Pre\u00e7o RPA on Demand da Ind\u00fastria | AutomationEdge Brasil\" \/>\n<meta property=\"og:description\" content=\"A plataforma AutomationEdge RPA apresenta os pre\u00e7os RPA on Demand (RPA as a Service) para empresas no Brasil. Agora, as empresas podem usar o RPA sem alto custo e pagar apenas pelo consumo.\" \/>\n<meta property=\"og:url\" content=\"https:\/\/automationedge.com\/br\/news\/primeiro-rpa-on-demand-da-industria\/\" \/>\n<meta property=\"og:site_name\" content=\"AutomationEdge\" \/>\n<meta property=\"article:modified_time\" content=\"2021-05-14T10:43:34+00:00\" \/>\n<meta name=\"twitter:card\" content=\"summary_large_image\" \/>\n<meta name=\"twitter:label1\" content=\"Est. reading time\" \/>\n\t<meta name=\"twitter:data1\" content=\"11 minutes\" \/>\n<script type=\"application\/ld+json\" class=\"yoast-schema-graph\">{\"@context\":\"https:\/\/schema.org\",\"@graph\":[{\"@type\":\"WebPage\",\"@id\":\"https:\/\/automationedge.com\/br\/news\/primeiro-rpa-on-demand-da-industria\/\",\"url\":\"https:\/\/automationedge.com\/br\/news\/primeiro-rpa-on-demand-da-industria\/\",\"name\":\"AutomationEdge Lan\u00e7a Primeiro Pre\u00e7o RPA on Demand da Ind\u00fastria | AutomationEdge Brasil\",\"isPartOf\":{\"@id\":\"https:\/\/automationedge.com\/br\/#website\"},\"datePublished\":\"2021-05-14T09:56:59+00:00\",\"dateModified\":\"2021-05-14T10:43:34+00:00\",\"description\":\"A plataforma AutomationEdge RPA apresenta os pre\u00e7os RPA on Demand (RPA as a Service) para empresas no Brasil. Agora, as empresas podem usar o RPA sem alto custo e pagar apenas pelo consumo.\",\"breadcrumb\":{\"@id\":\"https:\/\/automationedge.com\/br\/news\/primeiro-rpa-on-demand-da-industria\/#breadcrumb\"},\"inLanguage\":\"en-US\",\"potentialAction\":[{\"@type\":\"ReadAction\",\"target\":[\"https:\/\/automationedge.com\/br\/news\/primeiro-rpa-on-demand-da-industria\/\"]}]},{\"@type\":\"BreadcrumbList\",\"@id\":\"https:\/\/automationedge.com\/br\/news\/primeiro-rpa-on-demand-da-industria\/#breadcrumb\",\"itemListElement\":[{\"@type\":\"ListItem\",\"position\":1,\"name\":\"Home\",\"item\":\"https:\/\/automationedge.com\/br\/\"},{\"@type\":\"ListItem\",\"position\":2,\"name\":\"News\",\"item\":\"https:\/\/automationedge.com\/br\/news\/\"},{\"@type\":\"ListItem\",\"position\":3,\"name\":\"AutomationEdge lan\u00e7a RPA &#8220;Pay As You Use&#8221; para democratizar a facilitar o acesso de automa\u00e7\u00e3o\"}]},{\"@type\":\"WebSite\",\"@id\":\"https:\/\/automationedge.com\/br\/#website\",\"url\":\"https:\/\/automationedge.com\/br\/\",\"name\":\"AutomationEdge\",\"description\":\"\",\"potentialAction\":[{\"@type\":\"SearchAction\",\"target\":{\"@type\":\"EntryPoint\",\"urlTemplate\":\"https:\/\/automationedge.com\/br\/?s={search_term_string}\"},\"query-input\":{\"@type\":\"PropertyValueSpecification\",\"valueRequired\":true,\"valueName\":\"search_term_string\"}}],\"inLanguage\":\"en-US\"}]}<\/script>\n<!-- \/ Yoast SEO plugin. -->","yoast_head_json":{"title":"AutomationEdge Lan\u00e7a Primeiro Pre\u00e7o RPA on Demand da Ind\u00fastria | AutomationEdge Brasil","description":"A plataforma AutomationEdge RPA apresenta os pre\u00e7os RPA on Demand (RPA as a Service) para empresas no Brasil. Agora, as empresas podem usar o RPA sem alto custo e pagar apenas pelo consumo.","robots":{"index":"index","follow":"follow","max-snippet":"max-snippet:-1","max-image-preview":"max-image-preview:large","max-video-preview":"max-video-preview:-1"},"canonical":"https:\/\/automationedge.com\/br\/news\/primeiro-rpa-on-demand-da-industria\/","og_locale":"en_US","og_type":"article","og_title":"AutomationEdge Lan\u00e7a Primeiro Pre\u00e7o RPA on Demand da Ind\u00fastria | AutomationEdge Brasil","og_description":"A plataforma AutomationEdge RPA apresenta os pre\u00e7os RPA on Demand (RPA as a Service) para empresas no Brasil. Agora, as empresas podem usar o RPA sem alto custo e pagar apenas pelo consumo.","og_url":"https:\/\/automationedge.com\/br\/news\/primeiro-rpa-on-demand-da-industria\/","og_site_name":"AutomationEdge","article_modified_time":"2021-05-14T10:43:34+00:00","twitter_card":"summary_large_image","twitter_misc":{"Est. reading time":"11 minutes"},"schema":{"@context":"https:\/\/schema.org","@graph":[{"@type":"WebPage","@id":"https:\/\/automationedge.com\/br\/news\/primeiro-rpa-on-demand-da-industria\/","url":"https:\/\/automationedge.com\/br\/news\/primeiro-rpa-on-demand-da-industria\/","name":"AutomationEdge Lan\u00e7a Primeiro Pre\u00e7o RPA on Demand da Ind\u00fastria | AutomationEdge Brasil","isPartOf":{"@id":"https:\/\/automationedge.com\/br\/#website"},"datePublished":"2021-05-14T09:56:59+00:00","dateModified":"2021-05-14T10:43:34+00:00","description":"A plataforma AutomationEdge RPA apresenta os pre\u00e7os RPA on Demand (RPA as a Service) para empresas no Brasil. Agora, as empresas podem usar o RPA sem alto custo e pagar apenas pelo consumo.","breadcrumb":{"@id":"https:\/\/automationedge.com\/br\/news\/primeiro-rpa-on-demand-da-industria\/#breadcrumb"},"inLanguage":"en-US","potentialAction":[{"@type":"ReadAction","target":["https:\/\/automationedge.com\/br\/news\/primeiro-rpa-on-demand-da-industria\/"]}]},{"@type":"BreadcrumbList","@id":"https:\/\/automationedge.com\/br\/news\/primeiro-rpa-on-demand-da-industria\/#breadcrumb","itemListElement":[{"@type":"ListItem","position":1,"name":"Home","item":"https:\/\/automationedge.com\/br\/"},{"@type":"ListItem","position":2,"name":"News","item":"https:\/\/automationedge.com\/br\/news\/"},{"@type":"ListItem","position":3,"name":"AutomationEdge lan\u00e7a RPA &#8220;Pay As You Use&#8221; para democratizar a facilitar o acesso de automa\u00e7\u00e3o"}]},{"@type":"WebSite","@id":"https:\/\/automationedge.com\/br\/#website","url":"https:\/\/automationedge.com\/br\/","name":"AutomationEdge","description":"","potentialAction":[{"@type":"SearchAction","target":{"@type":"EntryPoint","urlTemplate":"https:\/\/automationedge.com\/br\/?s={search_term_string}"},"query-input":{"@type":"PropertyValueSpecification","valueRequired":true,"valueName":"search_term_string"}}],"inLanguage":"en-US"}]}},"_links":{"self":[{"href":"https:\/\/automationedge.com\/br\/wp-json\/wp\/v2\/pages\/10032","targetHints":{"allow":["GET"]}}],"collection":[{"href":"https:\/\/automationedge.com\/br\/wp-json\/wp\/v2\/pages"}],"about":[{"href":"https:\/\/automationedge.com\/br\/wp-json\/wp\/v2\/types\/page"}],"author":[{"embeddable":true,"href":"https:\/\/automationedge.com\/br\/wp-json\/wp\/v2\/users\/3"}],"replies":[{"embeddable":true,"href":"https:\/\/automationedge.com\/br\/wp-json\/wp\/v2\/comments?post=10032"}],"version-history":[{"count":0,"href":"https:\/\/automationedge.com\/br\/wp-json\/wp\/v2\/pages\/10032\/revisions"}],"up":[{"embeddable":true,"href":"https:\/\/automationedge.com\/br\/wp-json\/wp\/v2\/pages\/9999"}],"wp:attachment":[{"href":"https:\/\/automationedge.com\/br\/wp-json\/wp\/v2\/media?parent=10032"}],"curies":[{"name":"wp","href":"https:\/\/api.w.org\/{rel}","templated":true}]}}