{"id":5230,"date":"2018-08-07T05:27:17","date_gmt":"2018-08-07T05:27:17","guid":{"rendered":"https:\/\/automationedge.com\/?page_id=5230"},"modified":"2025-06-17T07:21:05","modified_gmt":"2025-06-17T07:21:05","slug":"ebook","status":"publish","type":"page","link":"https:\/\/automationedge.com\/br\/ebook\/","title":{"rendered":"eBook"},"content":{"rendered":"<div class=\"fusion-fullwidth fullwidth-box fusion-builder-row-1 nonhundred-percent-fullwidth non-hundred-percent-height-scrolling\" style=\"--awb-border-radius-top-left:0px;--awb-border-radius-top-right:0px;--awb-border-radius-bottom-right:0px;--awb-border-radius-bottom-left:0px;--awb-padding-top:25px;--awb-padding-bottom:15px;--awb-flex-wrap:wrap;\" ><div class=\"fusion-builder-row fusion-row\"><div class=\"fusion-layout-column fusion_builder_column fusion-builder-column-0 fusion_builder_column_1_3 1_3 fusion-one-third fusion-column-first fusion-column-inner-bg-wrapper\" style=\"--awb-inner-bg-size:cover;width:33.3333333333%;width:calc(33.3333333333% - ( ( 4% + 4% ) * 0.333333333333 ) );margin-right: 4%;\" data-scroll-devices=\"small-visibility,medium-visibility,large-visibility\"><span class=\"fusion-column-inner-bg hover-type-none\"><a class=\"fusion-column-anchor\" href=\"https:\/\/automationedge.com\/br\/ebook\/how-to-start-automation-the-right-way\/\"><span class=\"fusion-column-inner-bg-image\"><\/span><\/a><\/span><div class=\"fusion-column-wrapper fusion-column-has-shadow fusion-flex-column-wrapper-legacy\"><div class=\"fusion-image-element in-legacy-container\" style=\"--awb-caption-title-font-family:var(--h2_typography-font-family);--awb-caption-title-font-weight:var(--h2_typography-font-weight);--awb-caption-title-font-style:var(--h2_typography-font-style);--awb-caption-title-size:var(--h2_typography-font-size);--awb-caption-title-transform:var(--h2_typography-text-transform);--awb-caption-title-line-height:var(--h2_typography-line-height);--awb-caption-title-letter-spacing:var(--h2_typography-letter-spacing);\"><span class=\" fusion-imageframe imageframe-none imageframe-1 hover-type-none\"><img decoding=\"async\" width=\"825\" height=\"495\" alt=\"eBook Gratuito \u2013 Como Come\u00e7ar a Automa\u00e7\u00e3o do Jeito Certo\" src=\"https:\/\/automationedge.com\/br\/wp-content\/uploads\/2025\/06\/ebook-RPA-Buyers-Guide1.webp\" class=\"img-responsive wp-image-10593\" srcset=\"https:\/\/automationedge.com\/br\/wp-content\/uploads\/2025\/06\/ebook-RPA-Buyers-Guide1-200x120.webp 200w, https:\/\/automationedge.com\/br\/wp-content\/uploads\/2025\/06\/ebook-RPA-Buyers-Guide1-300x180.webp 300w, https:\/\/automationedge.com\/br\/wp-content\/uploads\/2025\/06\/ebook-RPA-Buyers-Guide1-400x240.webp 400w, https:\/\/automationedge.com\/br\/wp-content\/uploads\/2025\/06\/ebook-RPA-Buyers-Guide1-600x360.webp 600w, https:\/\/automationedge.com\/br\/wp-content\/uploads\/2025\/06\/ebook-RPA-Buyers-Guide1-768x461.webp 768w, https:\/\/automationedge.com\/br\/wp-content\/uploads\/2025\/06\/ebook-RPA-Buyers-Guide1-800x480.webp 800w, https:\/\/automationedge.com\/br\/wp-content\/uploads\/2025\/06\/ebook-RPA-Buyers-Guide1.webp 825w\" sizes=\"(max-width: 800px) 100vw, 400px\" \/><\/span><\/div><div class=\"fusion-text fusion-text-1\"><h3 style=\"text-align: center;\">Como Come\u00e7ar a Automa\u00e7\u00e3o do Jeito Certo<\/h3>\n<\/div><div class=\"fusion-clearfix\"><\/div><\/div><\/div><div class=\"fusion-layout-column fusion_builder_column fusion-builder-column-1 fusion_builder_column_1_3 1_3 fusion-one-third fusion-column-inner-bg-wrapper\" style=\"--awb-inner-bg-size:cover;width:33.3333333333%;width:calc(33.3333333333% - ( ( 4% + 4% ) * 0.333333333333 ) );margin-right: 4%;\"><span class=\"fusion-column-inner-bg hover-type-none\"><a class=\"fusion-column-anchor\" href=\"https:\/\/automationedge.com\/br\/ebook\/rpa-buyers-guide\/\"><span class=\"fusion-column-inner-bg-image\"><\/span><\/a><\/span><div class=\"fusion-column-wrapper fusion-column-has-shadow fusion-flex-column-wrapper-legacy\"><div class=\"fusion-image-element in-legacy-container\" style=\"--awb-caption-title-font-family:var(--h2_typography-font-family);--awb-caption-title-font-weight:var(--h2_typography-font-weight);--awb-caption-title-font-style:var(--h2_typography-font-style);--awb-caption-title-size:var(--h2_typography-font-size);--awb-caption-title-transform:var(--h2_typography-text-transform);--awb-caption-title-line-height:var(--h2_typography-line-height);--awb-caption-title-letter-spacing:var(--h2_typography-letter-spacing);\"><span class=\" fusion-imageframe imageframe-none imageframe-2 hover-type-none\"><img decoding=\"async\" width=\"825\" height=\"495\" alt=\"Guia do comprador RPA\" src=\"https:\/\/automationedge.com\/br\/wp-content\/uploads\/2020\/08\/ebook-RPA-Buyers-Guide1.jpg\" class=\"img-responsive wp-image-9504\" srcset=\"https:\/\/automationedge.com\/br\/wp-content\/uploads\/2020\/08\/ebook-RPA-Buyers-Guide1-200x120.jpg 200w, https:\/\/automationedge.com\/br\/wp-content\/uploads\/2020\/08\/ebook-RPA-Buyers-Guide1-400x240.jpg 400w, https:\/\/automationedge.com\/br\/wp-content\/uploads\/2020\/08\/ebook-RPA-Buyers-Guide1-600x360.jpg 600w, https:\/\/automationedge.com\/br\/wp-content\/uploads\/2020\/08\/ebook-RPA-Buyers-Guide1-800x480.jpg 800w, https:\/\/automationedge.com\/br\/wp-content\/uploads\/2020\/08\/ebook-RPA-Buyers-Guide1.jpg 825w\" sizes=\"(max-width: 800px) 100vw, 400px\" \/><\/span><\/div><div class=\"fusion-text fusion-text-2\"><h3 style=\"text-align: center;\">Guia do comprador RPA<\/h3>\n<\/div><div class=\"fusion-clearfix\"><\/div><\/div><\/div><div class=\"fusion-layout-column fusion_builder_column fusion-builder-column-2 fusion_builder_column_1_3 1_3 fusion-one-third fusion-column-last fusion-column-inner-bg-wrapper\" style=\"--awb-inner-bg-size:cover;width:33.3333333333%;width:calc(33.3333333333% - ( ( 4% + 4% ) * 0.333333333333 ) );\" data-scroll-devices=\"small-visibility,medium-visibility,large-visibility\"><span class=\"fusion-column-inner-bg hover-type-none\"><a class=\"fusion-column-anchor\" href=\"https:\/\/automationedge.com\/br\/ebook\/como-ter-uma-jornada-de-automacao-de-sucesso\/\"><span class=\"fusion-column-inner-bg-image\"><\/span><\/a><\/span><div class=\"fusion-column-wrapper fusion-column-has-shadow fusion-flex-column-wrapper-legacy\"><div class=\"fusion-image-element in-legacy-container\" style=\"--awb-caption-title-font-family:var(--h2_typography-font-family);--awb-caption-title-font-weight:var(--h2_typography-font-weight);--awb-caption-title-font-style:var(--h2_typography-font-style);--awb-caption-title-size:var(--h2_typography-font-size);--awb-caption-title-transform:var(--h2_typography-text-transform);--awb-caption-title-line-height:var(--h2_typography-line-height);--awb-caption-title-letter-spacing:var(--h2_typography-letter-spacing);\"><span class=\" fusion-imageframe imageframe-none imageframe-3 hover-type-none\"><img decoding=\"async\" width=\"825\" height=\"495\" alt=\"COMECE SUA JORNADA DA AUTOMA\u00c7\u00c3O\" src=\"https:\/\/automationedge.com\/br\/wp-content\/uploads\/2020\/08\/Start-Your-Journey-with-Automation.jpg\" class=\"img-responsive wp-image-9503\" srcset=\"https:\/\/automationedge.com\/br\/wp-content\/uploads\/2020\/08\/Start-Your-Journey-with-Automation-200x120.jpg 200w, https:\/\/automationedge.com\/br\/wp-content\/uploads\/2020\/08\/Start-Your-Journey-with-Automation-400x240.jpg 400w, https:\/\/automationedge.com\/br\/wp-content\/uploads\/2020\/08\/Start-Your-Journey-with-Automation-600x360.jpg 600w, https:\/\/automationedge.com\/br\/wp-content\/uploads\/2020\/08\/Start-Your-Journey-with-Automation-800x480.jpg 800w, https:\/\/automationedge.com\/br\/wp-content\/uploads\/2020\/08\/Start-Your-Journey-with-Automation.jpg 825w\" sizes=\"(max-width: 800px) 100vw, 400px\" \/><\/span><\/div><div class=\"fusion-text fusion-text-3\"><h3 style=\"text-align: center;\">COMECE SUA JORNADA DA AUTOMA\u00c7\u00c3O<\/h3>\n<\/div><div class=\"fusion-clearfix\"><\/div><\/div><\/div><\/div><\/div>\n","protected":false},"excerpt":{"rendered":"","protected":false},"author":2,"featured_media":0,"parent":0,"menu_order":0,"comment_status":"closed","ping_status":"closed","template":"100-width.php","meta":{"footnotes":""},"class_list":["post-5230","page","type-page","status-publish","hentry"],"yoast_head":"<!-- This site is optimized with the Yoast SEO plugin v27.1.1 - https:\/\/yoast.com\/product\/yoast-seo-wordpress\/ -->\n<title>eBook - AutomationEdge<\/title>\n<meta name=\"robots\" content=\"index, follow, max-snippet:-1, max-image-preview:large, max-video-preview:-1\" \/>\n<link rel=\"canonical\" href=\"https:\/\/automationedge.com\/br\/ebook\/\" \/>\n<meta property=\"og:locale\" content=\"en_US\" \/>\n<meta property=\"og:type\" content=\"article\" \/>\n<meta property=\"og:title\" content=\"eBook - AutomationEdge\" \/>\n<meta property=\"og:url\" content=\"https:\/\/automationedge.com\/br\/ebook\/\" \/>\n<meta property=\"og:site_name\" content=\"AutomationEdge\" \/>\n<meta property=\"article:modified_time\" content=\"2025-06-17T07:21:05+00:00\" \/>\n<meta name=\"twitter:card\" content=\"summary_large_image\" \/>\n<meta name=\"twitter:label1\" content=\"Est. reading time\" \/>\n\t<meta name=\"twitter:data1\" content=\"1 minute\" \/>\n<script type=\"application\/ld+json\" class=\"yoast-schema-graph\">{\"@context\":\"https:\/\/schema.org\",\"@graph\":[{\"@type\":\"WebPage\",\"@id\":\"https:\/\/automationedge.com\/br\/ebook\/\",\"url\":\"https:\/\/automationedge.com\/br\/ebook\/\",\"name\":\"eBook - AutomationEdge\",\"isPartOf\":{\"@id\":\"https:\/\/automationedge.com\/br\/#website\"},\"datePublished\":\"2018-08-07T05:27:17+00:00\",\"dateModified\":\"2025-06-17T07:21:05+00:00\",\"breadcrumb\":{\"@id\":\"https:\/\/automationedge.com\/br\/ebook\/#breadcrumb\"},\"inLanguage\":\"en-US\",\"potentialAction\":[{\"@type\":\"ReadAction\",\"target\":[\"https:\/\/automationedge.com\/br\/ebook\/\"]}]},{\"@type\":\"BreadcrumbList\",\"@id\":\"https:\/\/automationedge.com\/br\/ebook\/#breadcrumb\",\"itemListElement\":[{\"@type\":\"ListItem\",\"position\":1,\"name\":\"Home\",\"item\":\"https:\/\/automationedge.com\/br\/\"},{\"@type\":\"ListItem\",\"position\":2,\"name\":\"eBook\"}]},{\"@type\":\"WebSite\",\"@id\":\"https:\/\/automationedge.com\/br\/#website\",\"url\":\"https:\/\/automationedge.com\/br\/\",\"name\":\"AutomationEdge\",\"description\":\"\",\"potentialAction\":[{\"@type\":\"SearchAction\",\"target\":{\"@type\":\"EntryPoint\",\"urlTemplate\":\"https:\/\/automationedge.com\/br\/?s={search_term_string}\"},\"query-input\":{\"@type\":\"PropertyValueSpecification\",\"valueRequired\":true,\"valueName\":\"search_term_string\"}}],\"inLanguage\":\"en-US\"}]}<\/script>\n<!-- \/ Yoast SEO plugin. -->","yoast_head_json":{"title":"eBook - AutomationEdge","robots":{"index":"index","follow":"follow","max-snippet":"max-snippet:-1","max-image-preview":"max-image-preview:large","max-video-preview":"max-video-preview:-1"},"canonical":"https:\/\/automationedge.com\/br\/ebook\/","og_locale":"en_US","og_type":"article","og_title":"eBook - AutomationEdge","og_url":"https:\/\/automationedge.com\/br\/ebook\/","og_site_name":"AutomationEdge","article_modified_time":"2025-06-17T07:21:05+00:00","twitter_card":"summary_large_image","twitter_misc":{"Est. reading time":"1 minute"},"schema":{"@context":"https:\/\/schema.org","@graph":[{"@type":"WebPage","@id":"https:\/\/automationedge.com\/br\/ebook\/","url":"https:\/\/automationedge.com\/br\/ebook\/","name":"eBook - AutomationEdge","isPartOf":{"@id":"https:\/\/automationedge.com\/br\/#website"},"datePublished":"2018-08-07T05:27:17+00:00","dateModified":"2025-06-17T07:21:05+00:00","breadcrumb":{"@id":"https:\/\/automationedge.com\/br\/ebook\/#breadcrumb"},"inLanguage":"en-US","potentialAction":[{"@type":"ReadAction","target":["https:\/\/automationedge.com\/br\/ebook\/"]}]},{"@type":"BreadcrumbList","@id":"https:\/\/automationedge.com\/br\/ebook\/#breadcrumb","itemListElement":[{"@type":"ListItem","position":1,"name":"Home","item":"https:\/\/automationedge.com\/br\/"},{"@type":"ListItem","position":2,"name":"eBook"}]},{"@type":"WebSite","@id":"https:\/\/automationedge.com\/br\/#website","url":"https:\/\/automationedge.com\/br\/","name":"AutomationEdge","description":"","potentialAction":[{"@type":"SearchAction","target":{"@type":"EntryPoint","urlTemplate":"https:\/\/automationedge.com\/br\/?s={search_term_string}"},"query-input":{"@type":"PropertyValueSpecification","valueRequired":true,"valueName":"search_term_string"}}],"inLanguage":"en-US"}]}},"_links":{"self":[{"href":"https:\/\/automationedge.com\/br\/wp-json\/wp\/v2\/pages\/5230","targetHints":{"allow":["GET"]}}],"collection":[{"href":"https:\/\/automationedge.com\/br\/wp-json\/wp\/v2\/pages"}],"about":[{"href":"https:\/\/automationedge.com\/br\/wp-json\/wp\/v2\/types\/page"}],"author":[{"embeddable":true,"href":"https:\/\/automationedge.com\/br\/wp-json\/wp\/v2\/users\/2"}],"replies":[{"embeddable":true,"href":"https:\/\/automationedge.com\/br\/wp-json\/wp\/v2\/comments?post=5230"}],"version-history":[{"count":0,"href":"https:\/\/automationedge.com\/br\/wp-json\/wp\/v2\/pages\/5230\/revisions"}],"wp:attachment":[{"href":"https:\/\/automationedge.com\/br\/wp-json\/wp\/v2\/media?parent=5230"}],"curies":[{"name":"wp","href":"https:\/\/api.w.org\/{rel}","templated":true}]}}