{"id":9259,"date":"2019-12-16T06:58:00","date_gmt":"2019-12-16T06:58:00","guid":{"rendered":"https:\/\/automationedge.com\/br\/?page_id=9259"},"modified":"2021-07-09T11:59:54","modified_gmt":"2021-07-09T11:59:54","slug":"pagina-da-empresa","status":"publish","type":"page","link":"https:\/\/automationedge.com\/br\/pagina-da-empresa\/","title":{"rendered":"P\u00e1gina da empresa"},"content":{"rendered":"<p><div class=\"fusion-fullwidth fullwidth-box fusion-builder-row-1 nonhundred-percent-fullwidth non-hundred-percent-height-scrolling\" style=\"--awb-border-radius-top-left:0px;--awb-border-radius-top-right:0px;--awb-border-radius-bottom-right:0px;--awb-border-radius-bottom-left:0px;--awb-padding-top:60px;--awb-padding-right:20px;--awb-padding-bottom:50px;--awb-padding-left:20px;--awb-margin-top:-20px;--awb-margin-bottom:0px;--awb-flex-wrap:wrap;\" ><div class=\"fusion-builder-row fusion-row\"><div class=\"fusion-layout-column fusion_builder_column fusion-builder-column-0 fusion_builder_column_1_1 1_1 fusion-one-full fusion-column-first fusion-column-last\" style=\"--awb-bg-size:cover;\"><div class=\"fusion-column-wrapper fusion-flex-column-wrapper-legacy\"><div class=\"fusion-menu-anchor\" id=\"WhatWeDo\"><\/div><div class=\"fusion-text fusion-text-1\"><h1 style=\"text-align: center;\">O que n\u00f3s fazemos<\/h1>\n<\/div><div class=\"fusion-sep-clear\"><\/div><div class=\"fusion-separator\" style=\"margin-left: auto;margin-right: auto;margin-top:-15px;margin-bottom:10px;width:100%;max-width:120px;\"><div class=\"fusion-separator-border sep-single sep-solid\" style=\"--awb-height:20px;--awb-amount:20px;--awb-sep-color:#000000;border-color:#000000;border-top-width:2px;\"><\/div><\/div><div class=\"fusion-sep-clear\"><\/div><div class=\"fusion-clearfix\"><\/div><\/div><\/div><div class=\"fusion-layout-column fusion_builder_column fusion-builder-column-1 fusion_builder_column_1_2 1_2 fusion-one-half fusion-column-first fusion-animated\" style=\"--awb-bg-size:cover;width:50%;width:calc(50% - ( ( 4% ) * 0.5 ) );margin-right: 4%;\" data-animationType=\"slideInLeft\" data-animationDuration=\"0.2\" data-animationOffset=\"top-into-view\"><div class=\"fusion-column-wrapper fusion-flex-column-wrapper-legacy\"><div class=\"fusion-sep-clear\"><\/div><div class=\"fusion-separator fusion-full-width-sep\" style=\"margin-left: auto;margin-right: auto;margin-top:20px;margin-bottom:20px;width:100%;\"><\/div><div class=\"fusion-sep-clear\"><\/div><div class=\"fusion-text fusion-text-2\"><h3><span style=\"color: #444444;\">O AutomationEdge automatiza processos de dados repetitivos, como transa\u00e7\u00f5es de processamento, agrupamento de dados, acionamento de respostas e integra\u00e7\u00e3o de v\u00e1rios sistemas de dados distintos. Automa\u00e7\u00e3o inteligente da AutomationEdge assegura que todas essas opera\u00e7\u00f5es em toda a frente escrit\u00f3rio, Middle Office, Back Office e opera\u00e7\u00f5es de ti s\u00e3o feitas em velocidade mais r\u00e1pida e com custo reduzido com a mais alta precis\u00e3o. O AutomationEdge fornece chatbots, rob\u00f4s de automa\u00e7\u00e3o inteligente, recursos de ia e aprendizado de m\u00e1quina que ajudam os clientes a reduzir custos, melhorar o tempo de resposta, crescer neg\u00f3cios e alcan\u00e7ar a conformidade. AutomationEdge fornece bots prontos e ambiente de desenvolvimento para construir novos bots.<br \/>\n<\/span><\/h3>\n<\/div><div class=\"fusion-menu-anchor\" id=\"WhyAutomationEdge\"><\/div><div class=\"fusion-clearfix\"><\/div><\/div><\/div><div class=\"fusion-layout-column fusion_builder_column fusion-builder-column-2 fusion_builder_column_1_2 1_2 fusion-one-half fusion-column-last fusion-animated\" style=\"--awb-bg-size:cover;width:50%;width:calc(50% - ( ( 4% ) * 0.5 ) );\" data-animationType=\"slideInRight\" data-animationDuration=\"0.2\" data-animationOffset=\"top-into-view\"><div class=\"fusion-column-wrapper fusion-flex-column-wrapper-legacy\"><div class=\"fusion-image-element in-legacy-container\" style=\"--awb-caption-title-font-family:var(--h2_typography-font-family);--awb-caption-title-font-weight:var(--h2_typography-font-weight);--awb-caption-title-font-style:var(--h2_typography-font-style);--awb-caption-title-size:var(--h2_typography-font-size);--awb-caption-title-transform:var(--h2_typography-text-transform);--awb-caption-title-line-height:var(--h2_typography-line-height);--awb-caption-title-letter-spacing:var(--h2_typography-letter-spacing);\"><span class=\" fusion-imageframe imageframe-none imageframe-1 hover-type-none\"><img decoding=\"async\" width=\"600\" height=\"442\" title=\"why-automationedge_1172019\" src=\"https:\/\/automationedge.com\/br\/wp-content\/uploads\/2019\/12\/why-automationedge_1172019.png\" alt class=\"img-responsive wp-image-9293\" srcset=\"https:\/\/automationedge.com\/br\/wp-content\/uploads\/2019\/12\/why-automationedge_1172019-200x147.png 200w, https:\/\/automationedge.com\/br\/wp-content\/uploads\/2019\/12\/why-automationedge_1172019-400x295.png 400w, https:\/\/automationedge.com\/br\/wp-content\/uploads\/2019\/12\/why-automationedge_1172019.png 600w\" sizes=\"(max-width: 800px) 100vw, 600px\" \/><\/span><\/div><div class=\"fusion-clearfix\"><\/div><\/div><\/div><\/div><\/div><div class=\"fusion-fullwidth fullwidth-box fusion-builder-row-2 nonhundred-percent-fullwidth non-hundred-percent-height-scrolling\" style=\"--awb-border-radius-top-left:0px;--awb-border-radius-top-right:0px;--awb-border-radius-bottom-right:0px;--awb-border-radius-bottom-left:0px;--awb-padding-top:20px;--awb-padding-right:20px;--awb-padding-bottom:30px;--awb-padding-left:20px;--awb-margin-top:0px;--awb-margin-bottom:0px;--awb-background-color:#ecf7ff;--awb-flex-wrap:wrap;\" ><div class=\"fusion-builder-row fusion-row\"><div class=\"fusion-layout-column fusion_builder_column fusion-builder-column-3 fusion_builder_column_1_1 1_1 fusion-one-full fusion-column-first fusion-column-last fusion-animated\" style=\"--awb-bg-size:cover;\" data-animationType=\"flash\" data-animationDuration=\"0.3\" data-animationOffset=\"top-into-view\"><div class=\"fusion-column-wrapper fusion-flex-column-wrapper-legacy\"><div class=\"fusion-text fusion-text-3\"><h1 style=\"text-align: center;\"><span style=\"color: #333333;\">Por que as organiza\u00e7\u00f5es globais escolhem AutomationEdge?<\/span><\/h1>\n<\/div><div class=\"fusion-sep-clear\"><\/div><div class=\"fusion-separator\" style=\"margin-left: auto;margin-right: auto;margin-top:-15px;margin-bottom:10px;width:100%;max-width:120px;\"><div class=\"fusion-separator-border sep-single sep-solid\" style=\"--awb-height:20px;--awb-amount:20px;--awb-sep-color:#000000;border-color:#000000;border-top-width:2px;\"><\/div><\/div><div class=\"fusion-sep-clear\"><\/div><div class=\"fusion-text fusion-text-4\"><h3 style=\"text-align: left; color: #444444;\">AutomationEdge \u2013 RPA inteligente assegura que todas as opera\u00e7\u00f5es em frente de escrit\u00f3rio, Middle Office, Back Office e opera\u00e7\u00f5es de TI s\u00e3o feitas a uma velocidade mais r\u00e1pida e a um custo reduzido que pode ajudar a aumentar a linha superior e inferior da empresa de forma significativa.<\/h3>\n<\/div><div class=\"fusion-image-element fusion-image-align-center in-legacy-container\" style=\"text-align:center;--awb-caption-title-font-family:var(--h2_typography-font-family);--awb-caption-title-font-weight:var(--h2_typography-font-weight);--awb-caption-title-font-style:var(--h2_typography-font-style);--awb-caption-title-size:var(--h2_typography-font-size);--awb-caption-title-transform:var(--h2_typography-text-transform);--awb-caption-title-line-height:var(--h2_typography-line-height);--awb-caption-title-letter-spacing:var(--h2_typography-letter-spacing);\"><div class=\"imageframe-align-center\"><span class=\" fusion-imageframe imageframe-none imageframe-2 hover-type-none\"><img decoding=\"async\" width=\"740\" height=\"420\" title=\"Why-Buy-AutomationEdge-updated-18_04_2018\" src=\"https:\/\/automationedge.com\/br\/wp-content\/uploads\/2019\/12\/Why-Buy-AutomationEdge-updated-18_04_2018.png\" alt class=\"img-responsive wp-image-9294\" srcset=\"https:\/\/automationedge.com\/br\/wp-content\/uploads\/2019\/12\/Why-Buy-AutomationEdge-updated-18_04_2018-200x114.png 200w, https:\/\/automationedge.com\/br\/wp-content\/uploads\/2019\/12\/Why-Buy-AutomationEdge-updated-18_04_2018-400x227.png 400w, https:\/\/automationedge.com\/br\/wp-content\/uploads\/2019\/12\/Why-Buy-AutomationEdge-updated-18_04_2018-600x341.png 600w, https:\/\/automationedge.com\/br\/wp-content\/uploads\/2019\/12\/Why-Buy-AutomationEdge-updated-18_04_2018.png 740w\" sizes=\"(max-width: 800px) 100vw, 740px\" \/><\/span><\/div><\/div><div class=\"fusion-menu-anchor\" id=\"MeetTheTeam\"><\/div><div class=\"fusion-clearfix\"><\/div><\/div><\/div><\/div><\/div><div class=\"fusion-fullwidth fullwidth-box fusion-builder-row-3 nonhundred-percent-fullwidth non-hundred-percent-height-scrolling\" style=\"--awb-border-radius-top-left:0px;--awb-border-radius-top-right:0px;--awb-border-radius-bottom-right:0px;--awb-border-radius-bottom-left:0px;--awb-padding-top:20px;--awb-padding-right:20px;--awb-padding-bottom:20px;--awb-padding-left:20px;--awb-margin-top:0px;--awb-margin-bottom:0px;--awb-background-color:#ffffff;--awb-flex-wrap:wrap;\" ><div class=\"fusion-builder-row fusion-row\"><div class=\"fusion-layout-column fusion_builder_column fusion-builder-column-4 fusion_builder_column_1_1 1_1 fusion-one-full fusion-column-first fusion-column-last fusion-animated\" style=\"--awb-bg-size:cover;\" data-animationType=\"flash\" data-animationDuration=\"0.6\" data-animationOffset=\"top-into-view\"><div class=\"fusion-column-wrapper fusion-flex-column-wrapper-legacy\"><div class=\"fusion-text fusion-text-5\"><h1 style=\"text-align: center;\"><span style=\"color: #333333;\">Meet the Team <\/span><\/h1>\n<\/div><div class=\"fusion-sep-clear\"><\/div><div class=\"fusion-separator\" style=\"margin-left: auto;margin-right: auto;margin-top:-15px;margin-bottom:10px;width:100%;max-width:120px;\"><div class=\"fusion-separator-border sep-single sep-solid\" style=\"--awb-height:20px;--awb-amount:20px;--awb-sep-color:#000000;border-color:#000000;border-top-width:2px;\"><\/div><\/div><div class=\"fusion-sep-clear\"><\/div><div class=\"fusion-clearfix\"><\/div><\/div><\/div><div class=\"fusion-layout-column fusion_builder_column fusion-builder-column-5 fusion_builder_column_1_3 1_3 fusion-one-third fusion-column-first\" style=\"--awb-bg-size:cover;width:33.3333333333%;width:calc(33.3333333333% - ( ( 4% + 4% ) * 0.333333333333 ) );margin-right: 4%;\"><div class=\"fusion-column-wrapper fusion-flex-column-wrapper-legacy\"><div class=\"fusion-image-element fusion-image-align-center in-legacy-container\" style=\"text-align:center;--awb-caption-title-font-family:var(--h2_typography-font-family);--awb-caption-title-font-weight:var(--h2_typography-font-weight);--awb-caption-title-font-style:var(--h2_typography-font-style);--awb-caption-title-size:var(--h2_typography-font-size);--awb-caption-title-transform:var(--h2_typography-text-transform);--awb-caption-title-line-height:var(--h2_typography-line-height);--awb-caption-title-letter-spacing:var(--h2_typography-letter-spacing);\"><div class=\"imageframe-align-center\"><span class=\" fusion-imageframe imageframe-none imageframe-3 hover-type-none\" style=\"border-radius:50%;\"><img decoding=\"async\" src=\"https:\/\/automationedge.com\/wp-content\/uploads\/2018\/04\/Uday-Birajdar-CEO.jpg\" alt class=\"img-responsive\"\/><\/span><\/div><\/div><div class=\"fusion-text fusion-text-6\"><h3 style=\"text-align: center;\"><strong>Uday Birajdar<\/strong><\/h3>\n<\/div><div class=\"fusion-sep-clear\"><\/div><div class=\"fusion-separator fusion-full-width-sep\" style=\"margin-left: auto;margin-right: auto;margin-top:-12px;margin-bottom:-12px;width:100%;\"><\/div><div class=\"fusion-sep-clear\"><\/div><div class=\"fusion-text fusion-text-7\"><p style=\"text-align: center;\"><span style=\"font-size: 15px;\">Co-founder &amp; Chief Executive Officer<\/span><\/p>\n<\/div><div class=\"fusion-clearfix\"><\/div><\/div><\/div><div class=\"fusion-layout-column fusion_builder_column fusion-builder-column-6 fusion_builder_column_1_3 1_3 fusion-one-third\" style=\"--awb-bg-size:cover;width:33.3333333333%;width:calc(33.3333333333% - ( ( 4% + 4% ) * 0.333333333333 ) );margin-right: 4%;\"><div class=\"fusion-column-wrapper fusion-flex-column-wrapper-legacy\"><div class=\"fusion-image-element fusion-image-align-center in-legacy-container\" style=\"text-align:center;--awb-caption-title-font-family:var(--h2_typography-font-family);--awb-caption-title-font-weight:var(--h2_typography-font-weight);--awb-caption-title-font-style:var(--h2_typography-font-style);--awb-caption-title-size:var(--h2_typography-font-size);--awb-caption-title-transform:var(--h2_typography-text-transform);--awb-caption-title-line-height:var(--h2_typography-line-height);--awb-caption-title-letter-spacing:var(--h2_typography-letter-spacing);\"><div class=\"imageframe-align-center\"><span class=\" fusion-imageframe imageframe-none imageframe-4 hover-type-none\" style=\"border-radius:50%;\"><img decoding=\"async\" src=\"https:\/\/automationedge.com\/wp-content\/uploads\/2018\/04\/Prasad-Patwa-COO.jpg\" alt class=\"img-responsive\"\/><\/span><\/div><\/div><div class=\"fusion-text fusion-text-8\"><h3 style=\"text-align: center;\"><strong>Prasad Patwa<\/strong><\/h3>\n<\/div><div class=\"fusion-sep-clear\"><\/div><div class=\"fusion-separator fusion-full-width-sep\" style=\"margin-left: auto;margin-right: auto;margin-top:-12px;margin-bottom:-12px;width:100%;\"><\/div><div class=\"fusion-sep-clear\"><\/div><div class=\"fusion-text fusion-text-9\"><p style=\"text-align: center;\"><span style=\"font-size: 15px;\">Co-founder &amp; Chief Operating Officer<\/span><\/p>\n<\/div><div class=\"fusion-clearfix\"><\/div><\/div><\/div><div class=\"fusion-layout-column fusion_builder_column fusion-builder-column-7 fusion_builder_column_1_3 1_3 fusion-one-third fusion-column-last\" style=\"--awb-bg-size:cover;width:33.3333333333%;width:calc(33.3333333333% - ( ( 4% + 4% ) * 0.333333333333 ) );\"><div class=\"fusion-column-wrapper fusion-flex-column-wrapper-legacy\"><div class=\"fusion-image-element fusion-image-align-center in-legacy-container\" style=\"text-align:center;--awb-caption-title-font-family:var(--h2_typography-font-family);--awb-caption-title-font-weight:var(--h2_typography-font-weight);--awb-caption-title-font-style:var(--h2_typography-font-style);--awb-caption-title-size:var(--h2_typography-font-size);--awb-caption-title-transform:var(--h2_typography-text-transform);--awb-caption-title-line-height:var(--h2_typography-line-height);--awb-caption-title-letter-spacing:var(--h2_typography-letter-spacing);\"><div class=\"imageframe-align-center\"><span class=\" fusion-imageframe imageframe-none imageframe-5 hover-type-none\" style=\"border-radius:50%;\"><img decoding=\"async\" src=\"https:\/\/automationedge.com\/wp-content\/uploads\/2018\/04\/Yogesh-Ketkar-EVP.jpg\" alt class=\"img-responsive\"\/><\/span><\/div><\/div><div class=\"fusion-text fusion-text-10\"><h3 style=\"text-align: center;\"><strong>Yogesh Ketkar<\/strong><\/h3>\n<\/div><div class=\"fusion-sep-clear\"><\/div><div class=\"fusion-separator fusion-full-width-sep\" style=\"margin-left: auto;margin-right: auto;margin-top:-12px;margin-bottom:-12px;width:100%;\"><\/div><div class=\"fusion-sep-clear\"><\/div><div class=\"fusion-text fusion-text-11\"><p style=\"text-align: center;\"><span style=\"font-size: 15px;\">Executive VP &#8211; Technology<\/span><\/p>\n<\/div><div class=\"fusion-clearfix\"><\/div><\/div><\/div><div class=\"fusion-layout-column fusion_builder_column fusion-builder-column-8 fusion_builder_column_1_5 1_5 fusion-one-fifth fusion-column-first\" style=\"--awb-bg-size:cover;width:20%;width:calc(20% - ( ( 4% + 4% ) * 0.2 ) );margin-right: 4%;\"><div class=\"fusion-column-wrapper fusion-flex-column-wrapper-legacy\"><div class=\"fusion-clearfix\"><\/div><\/div><\/div><div class=\"fusion-layout-column fusion_builder_column fusion-builder-column-9 fusion_builder_column_1_3 1_3 fusion-one-third\" style=\"--awb-bg-size:cover;width:33.3333333333%;width:calc(33.3333333333% - ( ( 4% + 4% ) * 0.333333333333 ) );margin-right: 4%;\"><div class=\"fusion-column-wrapper fusion-flex-column-wrapper-legacy\"><div class=\"fusion-image-element fusion-image-align-center in-legacy-container\" style=\"text-align:center;--awb-caption-title-font-family:var(--h2_typography-font-family);--awb-caption-title-font-weight:var(--h2_typography-font-weight);--awb-caption-title-font-style:var(--h2_typography-font-style);--awb-caption-title-size:var(--h2_typography-font-size);--awb-caption-title-transform:var(--h2_typography-text-transform);--awb-caption-title-line-height:var(--h2_typography-line-height);--awb-caption-title-letter-spacing:var(--h2_typography-letter-spacing);\"><div class=\"imageframe-align-center\"><span class=\" fusion-imageframe imageframe-none imageframe-6 hover-type-none\" style=\"border-radius:50%;\"><img decoding=\"async\" src=\"https:\/\/automationedge.com\/wp-content\/uploads\/2018\/06\/ED-1.jpg\" alt class=\"img-responsive\"\/><\/span><\/div><\/div><div class=\"fusion-text fusion-text-12\"><h3 style=\"text-align: center;\"><strong>Ed Markowitz<\/strong><\/h3>\n<\/div><div class=\"fusion-sep-clear\"><\/div><div class=\"fusion-separator fusion-full-width-sep\" style=\"margin-left: auto;margin-right: auto;margin-top:-12px;margin-bottom:-12px;width:100%;\"><\/div><div class=\"fusion-sep-clear\"><\/div><div class=\"fusion-text fusion-text-13\"><p style=\"text-align: center;\"><span style=\"font-size: 15px;\">VP \u2013 Business Development \u2013 Americas<\/span><\/p>\n<\/div><div class=\"fusion-clearfix\"><\/div><\/div><\/div><div class=\"fusion-layout-column fusion_builder_column fusion-builder-column-10 fusion_builder_column_1_3 1_3 fusion-one-third fusion-column-last\" style=\"--awb-bg-size:cover;width:33.3333333333%;width:calc(33.3333333333% - ( ( 4% + 4% ) * 0.333333333333 ) );\"><div class=\"fusion-column-wrapper fusion-flex-column-wrapper-legacy\"><div class=\"fusion-image-element fusion-image-align-center in-legacy-container\" style=\"text-align:center;--awb-caption-title-font-family:var(--h2_typography-font-family);--awb-caption-title-font-weight:var(--h2_typography-font-weight);--awb-caption-title-font-style:var(--h2_typography-font-style);--awb-caption-title-size:var(--h2_typography-font-size);--awb-caption-title-transform:var(--h2_typography-text-transform);--awb-caption-title-line-height:var(--h2_typography-line-height);--awb-caption-title-letter-spacing:var(--h2_typography-letter-spacing);\"><div class=\"imageframe-align-center\"><span class=\" fusion-imageframe imageframe-none imageframe-7 hover-type-none\" style=\"border-radius:50%;\"><img decoding=\"async\" src=\"https:\/\/automationedge.com\/wp-content\/uploads\/2018\/04\/Siva-aturi.jpg\" alt class=\"img-responsive\"\/><\/span><\/div><\/div><div class=\"fusion-text fusion-text-14\"><h3 style=\"text-align: center;\"><strong>Siva Juturi<\/strong><\/h3>\n<\/div><div class=\"fusion-sep-clear\"><\/div><div class=\"fusion-separator fusion-full-width-sep\" style=\"margin-left: auto;margin-right: auto;margin-top:-12px;margin-bottom:-12px;width:100%;\"><\/div><div class=\"fusion-sep-clear\"><\/div><div class=\"fusion-text fusion-text-15\"><p style=\"text-align: center;\"><span style=\"font-size: 15px;\">EVP Sales<\/span><\/p>\n<\/div><div class=\"fusion-clearfix\"><\/div><\/div><\/div><\/div><\/div><\/p>\n","protected":false},"excerpt":{"rendered":"","protected":false},"author":2,"featured_media":0,"parent":0,"menu_order":0,"comment_status":"closed","ping_status":"closed","template":"100-width.php","meta":{"footnotes":""},"class_list":["post-9259","page","type-page","status-publish","hentry"],"yoast_head":"<!-- This site is optimized with the Yoast SEO plugin v27.1.1 - https:\/\/yoast.com\/product\/yoast-seo-wordpress\/ -->\n<title>P\u00e1gina da empresa - AutomationEdge<\/title>\n<meta name=\"robots\" content=\"index, follow, max-snippet:-1, max-image-preview:large, max-video-preview:-1\" \/>\n<link rel=\"canonical\" href=\"https:\/\/automationedge.com\/br\/pagina-da-empresa\/\" \/>\n<meta property=\"og:locale\" content=\"en_US\" \/>\n<meta property=\"og:type\" content=\"article\" \/>\n<meta property=\"og:title\" content=\"P\u00e1gina da empresa - AutomationEdge\" \/>\n<meta property=\"og:url\" content=\"https:\/\/automationedge.com\/br\/pagina-da-empresa\/\" \/>\n<meta property=\"og:site_name\" content=\"AutomationEdge\" \/>\n<meta property=\"article:modified_time\" content=\"2021-07-09T11:59:54+00:00\" \/>\n<meta name=\"twitter:card\" content=\"summary_large_image\" \/>\n<meta name=\"twitter:label1\" content=\"Est. reading time\" \/>\n\t<meta name=\"twitter:data1\" content=\"11 minutes\" \/>\n<script type=\"application\/ld+json\" class=\"yoast-schema-graph\">{\"@context\":\"https:\/\/schema.org\",\"@graph\":[{\"@type\":\"WebPage\",\"@id\":\"https:\/\/automationedge.com\/br\/pagina-da-empresa\/\",\"url\":\"https:\/\/automationedge.com\/br\/pagina-da-empresa\/\",\"name\":\"P\u00e1gina da empresa - AutomationEdge\",\"isPartOf\":{\"@id\":\"https:\/\/automationedge.com\/br\/#website\"},\"datePublished\":\"2019-12-16T06:58:00+00:00\",\"dateModified\":\"2021-07-09T11:59:54+00:00\",\"breadcrumb\":{\"@id\":\"https:\/\/automationedge.com\/br\/pagina-da-empresa\/#breadcrumb\"},\"inLanguage\":\"en-US\",\"potentialAction\":[{\"@type\":\"ReadAction\",\"target\":[\"https:\/\/automationedge.com\/br\/pagina-da-empresa\/\"]}]},{\"@type\":\"BreadcrumbList\",\"@id\":\"https:\/\/automationedge.com\/br\/pagina-da-empresa\/#breadcrumb\",\"itemListElement\":[{\"@type\":\"ListItem\",\"position\":1,\"name\":\"Home\",\"item\":\"https:\/\/automationedge.com\/br\/\"},{\"@type\":\"ListItem\",\"position\":2,\"name\":\"P\u00e1gina da empresa\"}]},{\"@type\":\"WebSite\",\"@id\":\"https:\/\/automationedge.com\/br\/#website\",\"url\":\"https:\/\/automationedge.com\/br\/\",\"name\":\"AutomationEdge\",\"description\":\"\",\"potentialAction\":[{\"@type\":\"SearchAction\",\"target\":{\"@type\":\"EntryPoint\",\"urlTemplate\":\"https:\/\/automationedge.com\/br\/?s={search_term_string}\"},\"query-input\":{\"@type\":\"PropertyValueSpecification\",\"valueRequired\":true,\"valueName\":\"search_term_string\"}}],\"inLanguage\":\"en-US\"}]}<\/script>\n<!-- \/ Yoast SEO plugin. -->","yoast_head_json":{"title":"P\u00e1gina da empresa - AutomationEdge","robots":{"index":"index","follow":"follow","max-snippet":"max-snippet:-1","max-image-preview":"max-image-preview:large","max-video-preview":"max-video-preview:-1"},"canonical":"https:\/\/automationedge.com\/br\/pagina-da-empresa\/","og_locale":"en_US","og_type":"article","og_title":"P\u00e1gina da empresa - AutomationEdge","og_url":"https:\/\/automationedge.com\/br\/pagina-da-empresa\/","og_site_name":"AutomationEdge","article_modified_time":"2021-07-09T11:59:54+00:00","twitter_card":"summary_large_image","twitter_misc":{"Est. reading time":"11 minutes"},"schema":{"@context":"https:\/\/schema.org","@graph":[{"@type":"WebPage","@id":"https:\/\/automationedge.com\/br\/pagina-da-empresa\/","url":"https:\/\/automationedge.com\/br\/pagina-da-empresa\/","name":"P\u00e1gina da empresa - AutomationEdge","isPartOf":{"@id":"https:\/\/automationedge.com\/br\/#website"},"datePublished":"2019-12-16T06:58:00+00:00","dateModified":"2021-07-09T11:59:54+00:00","breadcrumb":{"@id":"https:\/\/automationedge.com\/br\/pagina-da-empresa\/#breadcrumb"},"inLanguage":"en-US","potentialAction":[{"@type":"ReadAction","target":["https:\/\/automationedge.com\/br\/pagina-da-empresa\/"]}]},{"@type":"BreadcrumbList","@id":"https:\/\/automationedge.com\/br\/pagina-da-empresa\/#breadcrumb","itemListElement":[{"@type":"ListItem","position":1,"name":"Home","item":"https:\/\/automationedge.com\/br\/"},{"@type":"ListItem","position":2,"name":"P\u00e1gina da empresa"}]},{"@type":"WebSite","@id":"https:\/\/automationedge.com\/br\/#website","url":"https:\/\/automationedge.com\/br\/","name":"AutomationEdge","description":"","potentialAction":[{"@type":"SearchAction","target":{"@type":"EntryPoint","urlTemplate":"https:\/\/automationedge.com\/br\/?s={search_term_string}"},"query-input":{"@type":"PropertyValueSpecification","valueRequired":true,"valueName":"search_term_string"}}],"inLanguage":"en-US"}]}},"_links":{"self":[{"href":"https:\/\/automationedge.com\/br\/wp-json\/wp\/v2\/pages\/9259","targetHints":{"allow":["GET"]}}],"collection":[{"href":"https:\/\/automationedge.com\/br\/wp-json\/wp\/v2\/pages"}],"about":[{"href":"https:\/\/automationedge.com\/br\/wp-json\/wp\/v2\/types\/page"}],"author":[{"embeddable":true,"href":"https:\/\/automationedge.com\/br\/wp-json\/wp\/v2\/users\/2"}],"replies":[{"embeddable":true,"href":"https:\/\/automationedge.com\/br\/wp-json\/wp\/v2\/comments?post=9259"}],"version-history":[{"count":0,"href":"https:\/\/automationedge.com\/br\/wp-json\/wp\/v2\/pages\/9259\/revisions"}],"wp:attachment":[{"href":"https:\/\/automationedge.com\/br\/wp-json\/wp\/v2\/media?parent=9259"}],"curies":[{"name":"wp","href":"https:\/\/api.w.org\/{rel}","templated":true}]}}