{"id":9362,"date":"2020-05-08T09:23:31","date_gmt":"2020-05-08T09:23:31","guid":{"rendered":"https:\/\/automationedge.com\/br\/?page_id=9362"},"modified":"2022-09-14T07:36:25","modified_gmt":"2022-09-14T07:36:25","slug":"solicite-uma-pagina-demo","status":"publish","type":"page","link":"https:\/\/automationedge.com\/br\/solicite-uma-pagina-demo\/","title":{"rendered":"Solicite uma p\u00e1gina demo"},"content":{"rendered":"<p><div class=\"fusion-fullwidth fullwidth-box fusion-builder-row-1 nonhundred-percent-fullwidth non-hundred-percent-height-scrolling\" style=\"--awb-border-radius-top-left:0px;--awb-border-radius-top-right:0px;--awb-border-radius-bottom-right:0px;--awb-border-radius-bottom-left:0px;--awb-padding-top:40px;--awb-background-color:#002060;--awb-flex-wrap:wrap;\" ><div class=\"fusion-builder-row fusion-row\"><div class=\"fusion-layout-column fusion_builder_column fusion-builder-column-0 fusion_builder_column_1_2 1_2 fusion-one-half fusion-column-first\" style=\"--awb-bg-size:cover;width:50%;width:calc(50% - ( ( 4% ) * 0.5 ) );margin-right: 4%;\"><div class=\"fusion-column-wrapper fusion-flex-column-wrapper-legacy\"><div class=\"fusion-text fusion-text-1\"><h1><span style=\"color: #ec7b1a;\">Solicite uma demonstra\u00e7\u00e3o ao vivo<\/span><\/h1>\n<p><span style=\"color: #f2f2f2; font-width: 700px; font-size: 18px;\">Plataforma de automa\u00e7\u00e3o inteligente com tecnologias cognitivas<\/span><\/p>\n<ul style=\"color: #ffffff;\">\n<li style=\"margin: -14px;\">\n<h4><span style=\"color: #f2f2f2;\">Primeiro RPA da ind\u00fastria na nuvem (dispon\u00edvel na nuvem &amp; premissa)<\/span><\/h4>\n<\/li>\n<li style=\"margin: -14px;\">\n<h4><span style=\"color: #f2f2f2;\">Ferramenta de processamento de planilhas mais r\u00e1pida<\/span><\/h4>\n<\/li>\n<li style=\"margin: -14px;\">\n<h4><span style=\"color: #f2f2f2;\">Somente plataforma para ti &amp; automa\u00e7\u00e3o de processos de neg\u00f3cios<\/span><\/h4>\n<\/li>\n<li style=\"margin: -14px;\">\n<h4><span style=\"color: #f2f2f2;\">AI, aprendizado de m\u00e1quina, capacidades de NLP<\/span><\/h4>\n<\/li>\n<\/ul>\n<\/div><div class=\"fusion-sep-clear\"><\/div><div class=\"fusion-separator fusion-full-width-sep\" style=\"margin-left: auto;margin-right: auto;margin-top:20px;margin-bottom:20px;width:100%;\"><\/div><div class=\"fusion-sep-clear\"><\/div><div class=\"fusion-image-element in-legacy-container\" style=\"--awb-caption-title-font-family:var(--h2_typography-font-family);--awb-caption-title-font-weight:var(--h2_typography-font-weight);--awb-caption-title-font-style:var(--h2_typography-font-style);--awb-caption-title-size:var(--h2_typography-font-size);--awb-caption-title-transform:var(--h2_typography-text-transform);--awb-caption-title-line-height:var(--h2_typography-line-height);--awb-caption-title-letter-spacing:var(--h2_typography-letter-spacing);\"><span class=\" fusion-imageframe imageframe-none imageframe-1 hover-type-none\"><img decoding=\"async\" src=\"https:\/\/automationedge.com\/wp-content\/uploads\/2019\/10\/AE_Wheel-updated_400X400.png\" alt class=\"img-responsive\"\/><\/span><\/div><div class=\"fusion-clearfix\"><\/div><\/div><\/div><div class=\"fusion-layout-column fusion_builder_column fusion-builder-column-1 fusion_builder_column_1_2 1_2 fusion-one-half fusion-column-last\" style=\"--awb-padding-top:35px;--awb-padding-right:35px;--awb-padding-bottom:25px;--awb-padding-left:35px;--awb-bg-color:#f5f5f5;--awb-bg-color-hover:#f5f5f5;--awb-bg-size:cover;width:50%;width:calc(50% - ( ( 4% ) * 0.5 ) );\"><div class=\"fusion-column-wrapper fusion-column-has-shadow fusion-flex-column-wrapper-legacy\"><h2 style=\"text-align: center; font-size: 28px; line-height: 35px; font-weight: 300; padding-bottom:-30px;\"><span style=\"\">Please Fill In The Details<\/span><\/h2>\n<br>\n<script charset=\"utf-8\" type=\"text\/javascript\" src=\"\/\/js.hsforms.net\/forms\/v2.js\"><\/script>\n<script>\n  hbspt.forms.create({\n    region: \"na1\",\n    portalId: \"1888994\",\n    formId: \"6c1e67d5-0a53-4cd6-917e-c2f6c78476f2\",\n    version: \"V2_PRERELEASE\"\n  });\n<\/script><div class=\"fusion-clearfix\"><\/div><\/div><\/div><\/div><\/div><\/p>\n","protected":false},"excerpt":{"rendered":"","protected":false},"author":3,"featured_media":0,"parent":0,"menu_order":0,"comment_status":"closed","ping_status":"closed","template":"100-width.php","meta":{"footnotes":""},"class_list":["post-9362","page","type-page","status-publish","hentry"],"yoast_head":"<!-- This site is optimized with the Yoast SEO plugin v27.1.1 - https:\/\/yoast.com\/product\/yoast-seo-wordpress\/ -->\n<title>Solicite uma p\u00e1gina demo - AutomationEdge<\/title>\n<meta name=\"robots\" content=\"index, follow, max-snippet:-1, max-image-preview:large, max-video-preview:-1\" \/>\n<link rel=\"canonical\" href=\"https:\/\/automationedge.com\/br\/solicite-uma-pagina-demo\/\" \/>\n<meta property=\"og:locale\" content=\"en_US\" \/>\n<meta property=\"og:type\" content=\"article\" \/>\n<meta property=\"og:title\" content=\"Solicite uma p\u00e1gina demo - AutomationEdge\" \/>\n<meta property=\"og:url\" content=\"https:\/\/automationedge.com\/br\/solicite-uma-pagina-demo\/\" \/>\n<meta property=\"og:site_name\" content=\"AutomationEdge\" \/>\n<meta property=\"article:modified_time\" content=\"2022-09-14T07:36:25+00:00\" \/>\n<meta name=\"twitter:card\" content=\"summary_large_image\" \/>\n<meta name=\"twitter:label1\" content=\"Est. reading time\" \/>\n\t<meta name=\"twitter:data1\" content=\"2 minutes\" \/>\n<script type=\"application\/ld+json\" class=\"yoast-schema-graph\">{\"@context\":\"https:\/\/schema.org\",\"@graph\":[{\"@type\":\"WebPage\",\"@id\":\"https:\/\/automationedge.com\/br\/solicite-uma-pagina-demo\/\",\"url\":\"https:\/\/automationedge.com\/br\/solicite-uma-pagina-demo\/\",\"name\":\"Solicite uma p\u00e1gina demo - AutomationEdge\",\"isPartOf\":{\"@id\":\"https:\/\/automationedge.com\/br\/#website\"},\"datePublished\":\"2020-05-08T09:23:31+00:00\",\"dateModified\":\"2022-09-14T07:36:25+00:00\",\"breadcrumb\":{\"@id\":\"https:\/\/automationedge.com\/br\/solicite-uma-pagina-demo\/#breadcrumb\"},\"inLanguage\":\"en-US\",\"potentialAction\":[{\"@type\":\"ReadAction\",\"target\":[\"https:\/\/automationedge.com\/br\/solicite-uma-pagina-demo\/\"]}]},{\"@type\":\"BreadcrumbList\",\"@id\":\"https:\/\/automationedge.com\/br\/solicite-uma-pagina-demo\/#breadcrumb\",\"itemListElement\":[{\"@type\":\"ListItem\",\"position\":1,\"name\":\"Home\",\"item\":\"https:\/\/automationedge.com\/br\/\"},{\"@type\":\"ListItem\",\"position\":2,\"name\":\"Solicite uma p\u00e1gina demo\"}]},{\"@type\":\"WebSite\",\"@id\":\"https:\/\/automationedge.com\/br\/#website\",\"url\":\"https:\/\/automationedge.com\/br\/\",\"name\":\"AutomationEdge\",\"description\":\"\",\"potentialAction\":[{\"@type\":\"SearchAction\",\"target\":{\"@type\":\"EntryPoint\",\"urlTemplate\":\"https:\/\/automationedge.com\/br\/?s={search_term_string}\"},\"query-input\":{\"@type\":\"PropertyValueSpecification\",\"valueRequired\":true,\"valueName\":\"search_term_string\"}}],\"inLanguage\":\"en-US\"}]}<\/script>\n<!-- \/ Yoast SEO plugin. -->","yoast_head_json":{"title":"Solicite uma p\u00e1gina demo - AutomationEdge","robots":{"index":"index","follow":"follow","max-snippet":"max-snippet:-1","max-image-preview":"max-image-preview:large","max-video-preview":"max-video-preview:-1"},"canonical":"https:\/\/automationedge.com\/br\/solicite-uma-pagina-demo\/","og_locale":"en_US","og_type":"article","og_title":"Solicite uma p\u00e1gina demo - AutomationEdge","og_url":"https:\/\/automationedge.com\/br\/solicite-uma-pagina-demo\/","og_site_name":"AutomationEdge","article_modified_time":"2022-09-14T07:36:25+00:00","twitter_card":"summary_large_image","twitter_misc":{"Est. reading time":"2 minutes"},"schema":{"@context":"https:\/\/schema.org","@graph":[{"@type":"WebPage","@id":"https:\/\/automationedge.com\/br\/solicite-uma-pagina-demo\/","url":"https:\/\/automationedge.com\/br\/solicite-uma-pagina-demo\/","name":"Solicite uma p\u00e1gina demo - AutomationEdge","isPartOf":{"@id":"https:\/\/automationedge.com\/br\/#website"},"datePublished":"2020-05-08T09:23:31+00:00","dateModified":"2022-09-14T07:36:25+00:00","breadcrumb":{"@id":"https:\/\/automationedge.com\/br\/solicite-uma-pagina-demo\/#breadcrumb"},"inLanguage":"en-US","potentialAction":[{"@type":"ReadAction","target":["https:\/\/automationedge.com\/br\/solicite-uma-pagina-demo\/"]}]},{"@type":"BreadcrumbList","@id":"https:\/\/automationedge.com\/br\/solicite-uma-pagina-demo\/#breadcrumb","itemListElement":[{"@type":"ListItem","position":1,"name":"Home","item":"https:\/\/automationedge.com\/br\/"},{"@type":"ListItem","position":2,"name":"Solicite uma p\u00e1gina demo"}]},{"@type":"WebSite","@id":"https:\/\/automationedge.com\/br\/#website","url":"https:\/\/automationedge.com\/br\/","name":"AutomationEdge","description":"","potentialAction":[{"@type":"SearchAction","target":{"@type":"EntryPoint","urlTemplate":"https:\/\/automationedge.com\/br\/?s={search_term_string}"},"query-input":{"@type":"PropertyValueSpecification","valueRequired":true,"valueName":"search_term_string"}}],"inLanguage":"en-US"}]}},"_links":{"self":[{"href":"https:\/\/automationedge.com\/br\/wp-json\/wp\/v2\/pages\/9362","targetHints":{"allow":["GET"]}}],"collection":[{"href":"https:\/\/automationedge.com\/br\/wp-json\/wp\/v2\/pages"}],"about":[{"href":"https:\/\/automationedge.com\/br\/wp-json\/wp\/v2\/types\/page"}],"author":[{"embeddable":true,"href":"https:\/\/automationedge.com\/br\/wp-json\/wp\/v2\/users\/3"}],"replies":[{"embeddable":true,"href":"https:\/\/automationedge.com\/br\/wp-json\/wp\/v2\/comments?post=9362"}],"version-history":[{"count":0,"href":"https:\/\/automationedge.com\/br\/wp-json\/wp\/v2\/pages\/9362\/revisions"}],"wp:attachment":[{"href":"https:\/\/automationedge.com\/br\/wp-json\/wp\/v2\/media?parent=9362"}],"curies":[{"name":"wp","href":"https:\/\/api.w.org\/{rel}","templated":true}]}}