{"id":9485,"date":"2020-08-27T13:14:46","date_gmt":"2020-08-27T13:14:46","guid":{"rendered":"https:\/\/automationedge.com\/br\/?page_id=9485"},"modified":"2022-09-14T06:47:45","modified_gmt":"2022-09-14T06:47:45","slug":"rpa-buyers-guide","status":"publish","type":"page","link":"https:\/\/automationedge.com\/br\/ebook\/rpa-buyers-guide\/","title":{"rendered":"Download RPA Buyers Guide Ebook"},"content":{"rendered":"<p><div class=\"fusion-fullwidth fullwidth-box fusion-builder-row-1 nonhundred-percent-fullwidth non-hundred-percent-height-scrolling\" style=\"--awb-border-radius-top-left:0px;--awb-border-radius-top-right:0px;--awb-border-radius-bottom-right:0px;--awb-border-radius-bottom-left:0px;--awb-padding-top:40px;--awb-padding-bottom:40px;--awb-background-color:rgba(1,82,145,0.97);--awb-flex-wrap:wrap;\" ><div class=\"fusion-builder-row fusion-row\"><div class=\"fusion-layout-column fusion_builder_column fusion-builder-column-0 fusion_builder_column_1_1 1_1 fusion-one-full fusion-column-first fusion-column-last\" style=\"--awb-bg-size:cover;\"><div class=\"fusion-column-wrapper fusion-flex-column-wrapper-legacy\"><div class=\"fusion-sep-clear\"><\/div><div class=\"fusion-separator fusion-full-width-sep\" style=\"margin-left: auto;margin-right: auto;margin-top:10px;margin-bottom:10px;width:100%;\"><\/div><div class=\"fusion-sep-clear\"><\/div><div class=\"fusion-text fusion-text-1\"><h2 style=\"font-size: 40px; line-height: 50px;\"><strong><span style=\"color: #ffffff;\">Procurando uma solu\u00e7\u00e3o<\/span> <span style=\"color: #ec7b1a;\">RPA<\/span> <span style=\"color: #ffffff;\">para o seu neg\u00f3cio?<\/span><\/strong><\/h2>\n<\/div><div class=\"fusion-sep-clear\"><\/div><div class=\"fusion-separator fusion-full-width-sep\" style=\"margin-left: auto;margin-right: auto;margin-top:-10px;margin-bottom:-10px;width:100%;\"><\/div><div class=\"fusion-sep-clear\"><\/div><div class=\"fusion-clearfix\"><\/div><\/div><\/div><\/div><\/div><div class=\"fusion-fullwidth fullwidth-box fusion-builder-row-2 nonhundred-percent-fullwidth non-hundred-percent-height-scrolling\" style=\"--awb-border-radius-top-left:0px;--awb-border-radius-top-right:0px;--awb-border-radius-bottom-right:0px;--awb-border-radius-bottom-left:0px;--awb-padding-top:10px;--awb-flex-wrap:wrap;\" ><div class=\"fusion-builder-row fusion-row\"><div class=\"fusion-layout-column fusion_builder_column fusion-builder-column-1 fusion_builder_column_1_2 1_2 fusion-one-half fusion-column-first\" style=\"--awb-padding-top:40px;--awb-bg-size:cover;width:50%;width:calc(50% - ( ( 4% ) * 0.5 ) );margin-right: 4%;\"><div class=\"fusion-column-wrapper fusion-flex-column-wrapper-legacy\"><div class=\"fusion-text fusion-text-2\"><h2 style=\"padding-bottom: -20px;\"><strong>Baixe o e-book gr\u00e1tis em<\/strong><\/h2>\n<h1 style=\"color: #ec7b1a;\"><strong>Guia do comprador RPA<\/strong><\/h1>\n<h2>Crit\u00e9rios de avalia\u00e7\u00e3o a serem considerados ao selecionar uma ferramenta <span style=\"color: #ec7b1a;\">RPA<\/span><\/h2>\n<\/div><div class=\"fusion-text fusion-text-3\"><h3>Nos \u00faltimos anos, tem havido muito interesse no RPA, levando muitas organiza\u00e7\u00f5es a consider\u00e1-lo seriamente como parte de seu processo de transforma\u00e7\u00e3o digital mais amplo. O mercado est\u00e1 repleto de fornecedores prometendo o melhor produto poss\u00edvel, provavelmente mais do que o mercado atual pode absorver.<\/h3>\n<h3>No entanto, mesmo os recursos de um RPA s\u00e3o profusos e variados, n\u00e3o h\u00e1 um produto &#8220;<strong>tamanho \u00fanico<\/strong>&#8221; dispon\u00edvel. Consequentemente, torna-se importante escolher a ferramenta correta ap\u00f3s avaliar as necessidades do seu neg\u00f3cio e combin\u00e1-las com os resultados que voc\u00ea percebe.<\/h3>\n<h3>Quando voc\u00ea est\u00e1 no mercado para escolher a solu\u00e7\u00e3o <strong>RPA perfeita<\/strong>, quais s\u00e3o as \u00e1reas essenciais que voc\u00ea deve examinar?<\/h3>\n<h3>Baixe este e-book para entender as \u00e1reas essenciais a serem <strong>consideradas<\/strong> ao escolher a solu\u00e7\u00e3o RPA para sua organiza\u00e7\u00e3o.<\/h3>\n<\/div><div class=\"fusion-clearfix\"><\/div><\/div><\/div><div class=\"fusion-layout-column fusion_builder_column fusion-builder-column-2 fusion_builder_column_1_2 1_2 fusion-one-half fusion-column-last\" style=\"--awb-padding-top:10px;--awb-padding-right:20px;--awb-padding-bottom:10px;--awb-padding-left:20px;--awb-bg-color:#f5f5f5;--awb-bg-color-hover:#f5f5f5;--awb-bg-size:cover;width:50%;width:calc(50% - ( ( 4% ) * 0.5 ) );\"><div class=\"fusion-column-wrapper fusion-column-has-shadow fusion-flex-column-wrapper-legacy\"><div class=\"fusion-sep-clear\"><\/div><div class=\"fusion-separator fusion-full-width-sep\" style=\"margin-left: auto;margin-right: auto;margin-top:5px;margin-bottom:5px;width:100%;\"><\/div><div class=\"fusion-sep-clear\"><\/div><h2 style=\"text-align: center; font-size: 24px; line-height: 27px; padding-bottom: 30px;\"><b>Baixe o Guia do Comprador RPA<\/b><\/h2>\n<script charset=\"utf-8\" type=\"text\/javascript\" src=\"\/\/js.hsforms.net\/forms\/v2.js\"><\/script>\n<script>\n  hbspt.forms.create({\n    region: \"na1\",\n    portalId: \"1888994\",\n    formId: \"f79d6a46-6800-40c0-9a69-a418dd0324f0\",\n    version: \"V2_PRERELEASE\"\n  });\n<\/script><div class=\"fusion-sep-clear\"><\/div><div class=\"fusion-separator fusion-full-width-sep\" style=\"margin-left: auto;margin-right: auto;margin-top:5px;margin-bottom:5px;width:100%;\"><\/div><div class=\"fusion-sep-clear\"><\/div><div class=\"fusion-clearfix\"><\/div><\/div><\/div><\/div><\/div><\/p>\n","protected":false},"excerpt":{"rendered":"","protected":false},"author":3,"featured_media":0,"parent":5230,"menu_order":0,"comment_status":"closed","ping_status":"closed","template":"100-width.php","meta":{"footnotes":""},"class_list":["post-9485","page","type-page","status-publish","hentry"],"yoast_head":"<!-- This site is optimized with the Yoast SEO plugin v27.1.1 - https:\/\/yoast.com\/product\/yoast-seo-wordpress\/ -->\n<title>Download RPA Buyers Guide Ebook - AutomationEdge<\/title>\n<meta name=\"robots\" content=\"index, follow, max-snippet:-1, max-image-preview:large, max-video-preview:-1\" \/>\n<link rel=\"canonical\" href=\"https:\/\/automationedge.com\/br\/ebook\/rpa-buyers-guide\/\" \/>\n<meta property=\"og:locale\" content=\"en_US\" \/>\n<meta property=\"og:type\" content=\"article\" \/>\n<meta property=\"og:title\" content=\"Download RPA Buyers Guide Ebook - AutomationEdge\" \/>\n<meta property=\"og:url\" content=\"https:\/\/automationedge.com\/br\/ebook\/rpa-buyers-guide\/\" \/>\n<meta property=\"og:site_name\" content=\"AutomationEdge\" \/>\n<meta property=\"article:modified_time\" content=\"2022-09-14T06:47:45+00:00\" \/>\n<meta name=\"twitter:card\" content=\"summary_large_image\" \/>\n<meta name=\"twitter:label1\" content=\"Est. reading time\" \/>\n\t<meta name=\"twitter:data1\" content=\"25 minutes\" \/>\n<script type=\"application\/ld+json\" class=\"yoast-schema-graph\">{\"@context\":\"https:\/\/schema.org\",\"@graph\":[{\"@type\":\"WebPage\",\"@id\":\"https:\/\/automationedge.com\/br\/ebook\/rpa-buyers-guide\/\",\"url\":\"https:\/\/automationedge.com\/br\/ebook\/rpa-buyers-guide\/\",\"name\":\"Download RPA Buyers Guide Ebook - AutomationEdge\",\"isPartOf\":{\"@id\":\"https:\/\/automationedge.com\/br\/#website\"},\"datePublished\":\"2020-08-27T13:14:46+00:00\",\"dateModified\":\"2022-09-14T06:47:45+00:00\",\"breadcrumb\":{\"@id\":\"https:\/\/automationedge.com\/br\/ebook\/rpa-buyers-guide\/#breadcrumb\"},\"inLanguage\":\"en-US\",\"potentialAction\":[{\"@type\":\"ReadAction\",\"target\":[\"https:\/\/automationedge.com\/br\/ebook\/rpa-buyers-guide\/\"]}]},{\"@type\":\"BreadcrumbList\",\"@id\":\"https:\/\/automationedge.com\/br\/ebook\/rpa-buyers-guide\/#breadcrumb\",\"itemListElement\":[{\"@type\":\"ListItem\",\"position\":1,\"name\":\"Home\",\"item\":\"https:\/\/automationedge.com\/br\/\"},{\"@type\":\"ListItem\",\"position\":2,\"name\":\"eBook\",\"item\":\"https:\/\/automationedge.com\/br\/ebook\/\"},{\"@type\":\"ListItem\",\"position\":3,\"name\":\"Download RPA Buyers Guide Ebook\"}]},{\"@type\":\"WebSite\",\"@id\":\"https:\/\/automationedge.com\/br\/#website\",\"url\":\"https:\/\/automationedge.com\/br\/\",\"name\":\"AutomationEdge\",\"description\":\"\",\"potentialAction\":[{\"@type\":\"SearchAction\",\"target\":{\"@type\":\"EntryPoint\",\"urlTemplate\":\"https:\/\/automationedge.com\/br\/?s={search_term_string}\"},\"query-input\":{\"@type\":\"PropertyValueSpecification\",\"valueRequired\":true,\"valueName\":\"search_term_string\"}}],\"inLanguage\":\"en-US\"}]}<\/script>\n<!-- \/ Yoast SEO plugin. -->","yoast_head_json":{"title":"Download RPA Buyers Guide Ebook - AutomationEdge","robots":{"index":"index","follow":"follow","max-snippet":"max-snippet:-1","max-image-preview":"max-image-preview:large","max-video-preview":"max-video-preview:-1"},"canonical":"https:\/\/automationedge.com\/br\/ebook\/rpa-buyers-guide\/","og_locale":"en_US","og_type":"article","og_title":"Download RPA Buyers Guide Ebook - AutomationEdge","og_url":"https:\/\/automationedge.com\/br\/ebook\/rpa-buyers-guide\/","og_site_name":"AutomationEdge","article_modified_time":"2022-09-14T06:47:45+00:00","twitter_card":"summary_large_image","twitter_misc":{"Est. reading time":"25 minutes"},"schema":{"@context":"https:\/\/schema.org","@graph":[{"@type":"WebPage","@id":"https:\/\/automationedge.com\/br\/ebook\/rpa-buyers-guide\/","url":"https:\/\/automationedge.com\/br\/ebook\/rpa-buyers-guide\/","name":"Download RPA Buyers Guide Ebook - AutomationEdge","isPartOf":{"@id":"https:\/\/automationedge.com\/br\/#website"},"datePublished":"2020-08-27T13:14:46+00:00","dateModified":"2022-09-14T06:47:45+00:00","breadcrumb":{"@id":"https:\/\/automationedge.com\/br\/ebook\/rpa-buyers-guide\/#breadcrumb"},"inLanguage":"en-US","potentialAction":[{"@type":"ReadAction","target":["https:\/\/automationedge.com\/br\/ebook\/rpa-buyers-guide\/"]}]},{"@type":"BreadcrumbList","@id":"https:\/\/automationedge.com\/br\/ebook\/rpa-buyers-guide\/#breadcrumb","itemListElement":[{"@type":"ListItem","position":1,"name":"Home","item":"https:\/\/automationedge.com\/br\/"},{"@type":"ListItem","position":2,"name":"eBook","item":"https:\/\/automationedge.com\/br\/ebook\/"},{"@type":"ListItem","position":3,"name":"Download RPA Buyers Guide Ebook"}]},{"@type":"WebSite","@id":"https:\/\/automationedge.com\/br\/#website","url":"https:\/\/automationedge.com\/br\/","name":"AutomationEdge","description":"","potentialAction":[{"@type":"SearchAction","target":{"@type":"EntryPoint","urlTemplate":"https:\/\/automationedge.com\/br\/?s={search_term_string}"},"query-input":{"@type":"PropertyValueSpecification","valueRequired":true,"valueName":"search_term_string"}}],"inLanguage":"en-US"}]}},"_links":{"self":[{"href":"https:\/\/automationedge.com\/br\/wp-json\/wp\/v2\/pages\/9485","targetHints":{"allow":["GET"]}}],"collection":[{"href":"https:\/\/automationedge.com\/br\/wp-json\/wp\/v2\/pages"}],"about":[{"href":"https:\/\/automationedge.com\/br\/wp-json\/wp\/v2\/types\/page"}],"author":[{"embeddable":true,"href":"https:\/\/automationedge.com\/br\/wp-json\/wp\/v2\/users\/3"}],"replies":[{"embeddable":true,"href":"https:\/\/automationedge.com\/br\/wp-json\/wp\/v2\/comments?post=9485"}],"version-history":[{"count":0,"href":"https:\/\/automationedge.com\/br\/wp-json\/wp\/v2\/pages\/9485\/revisions"}],"up":[{"embeddable":true,"href":"https:\/\/automationedge.com\/br\/wp-json\/wp\/v2\/pages\/5230"}],"wp:attachment":[{"href":"https:\/\/automationedge.com\/br\/wp-json\/wp\/v2\/media?parent=9485"}],"curies":[{"name":"wp","href":"https:\/\/api.w.org\/{rel}","templated":true}]}}